{"id":1410,"date":"2023-08-24T19:33:56","date_gmt":"2023-08-24T19:33:56","guid":{"rendered":"https:\/\/artpointmimarlik.com\/container-prefabricated-house-construction\/"},"modified":"2023-09-13T08:50:55","modified_gmt":"2023-09-13T08:50:55","slug":"container-prefabricated-house-construction","status":"publish","type":"page","link":"https:\/\/artpointmimarlik.com\/en\/container-prefabricated-house-construction\/","title":{"rendered":"Container &#8211; Prefabricated House Construction"},"content":{"rendered":"  <div id=\"page-header-595275862\" class=\"page-header-wrapper\">\n  <div class=\"page-title dark featured-title\">\n\n    \n    <div class=\"page-title-inner container align-center flex-row medium-flex-wrap\" >\n              <div class=\"title-wrapper flex-col text-left medium-text-center\">\n          <h1 class=\"entry-title mb-0\">\n            Container &#8211; Prefabricated House Construction          <\/h1>\n        <\/div>\n                    <div class=\"title-content flex-col flex-right text-right medium-text-center\">\n        <div class=\"title-breadcrumbs pb-half pt-half\"><\/div>      <\/div>\n    <\/div>\n\n       <\/div>\n    <\/div>\n  \n\t<section class=\"section\" id=\"section_2084837941\">\n\t\t<div class=\"bg section-bg fill bg-fill bg-loaded bg-loaded\" >\n\n\t\t\t\n\t\t\t\n\t\t\t\n\n\t\t<\/div>\n\n\t\t\n\n\t\t<div class=\"section-content relative\">\n\t\t\t\n<div class=\"row row-collapse align-middle align-center\"  id=\"row-1809974934\">\n\n\t<div id=\"col-1773612725\" class=\"col medium-6 small-12 large-6\"  >\n\t\t\t\t<div class=\"col-inner\"  >\n\t\t\t\n\t\t\t\n\t<div id=\"text-4195650670\" class=\"text\">\n\t\t\n<p>As <strong>Artpoint Architecture<\/strong>, we are a team of experts in the construction of container and prefabricated houses that offer modern and practical solutions suitable for your contemporary lifestyle. We offer you a fast and efficient home building experience by offering you spaces equipped with original design and functionality.<\/p>\n\t\t\n<style>\n#text-4195650670 {\n  text-align: left;\n}\n<\/style>\n\t<\/div>\n\t\n<h3>Our Innovative Approach to Home Construction<\/h3>\n<p><strong>Modern Design:<\/strong> We embrace modern lines in home design. We offer solutions that meet the requirements of the age, both in exterior and interior design.<\/p>\n<p><strong>Practical and Fast Construction:<\/strong> Container and prefabricated house construction is faster and more practical than traditional construction. We aim to complete our projects on time and without any problems.<\/p>\n<p><strong>Personalization:<\/strong> Every individual&#8217;s needs are different. That&#8217;s why we design our projects to suit your lifestyle and needs.<\/p>\n\t\t<\/div>\n\t\t\t\t\n<style>\n#col-1773612725 > .col-inner {\n  padding: 15px 15px 15px 15px;\n}\n<\/style>\n\t<\/div>\n\n\t\n\n\t<div id=\"col-1953789040\" class=\"col medium-6 small-12 large-6 small-col-first\"  >\n\t\t\t\t<div class=\"col-inner\"  >\n\t\t\t\n\t\t\t\n\t<div class=\"img has-hover x md-x lg-x y md-y lg-y\" id=\"image_870654591\">\n\t\t\t\t\t\t\t\t<div class=\"img-inner image-cover dark\" style=\"padding-top:75%;\">\n\t\t\t<img loading=\"lazy\" decoding=\"async\" width=\"1920\" height=\"1080\" src=\"https:\/\/artpointmimarlik.com\/wp-content\/uploads\/2023\/08\/villa-insaati-hizmeti-3.jpg\" class=\"attachment-original size-original\" alt=\"\" srcset=\"https:\/\/artpointmimarlik.com\/wp-content\/uploads\/2023\/08\/villa-insaati-hizmeti-3.jpg 1920w, https:\/\/artpointmimarlik.com\/wp-content\/uploads\/2023\/08\/villa-insaati-hizmeti-3-300x169.jpg 300w, https:\/\/artpointmimarlik.com\/wp-content\/uploads\/2023\/08\/villa-insaati-hizmeti-3-1024x576.jpg 1024w, https:\/\/artpointmimarlik.com\/wp-content\/uploads\/2023\/08\/villa-insaati-hizmeti-3-768x432.jpg 768w, https:\/\/artpointmimarlik.com\/wp-content\/uploads\/2023\/08\/villa-insaati-hizmeti-3-1536x864.jpg 1536w\" sizes=\"auto, (max-width: 1920px) 100vw, 1920px\" \/>\t\t\t\t\t\t\n\t\t\t\t\t<\/div>\n\t\t\t\t\t\t\t\t\n<style>\n#image_870654591 {\n  width: 100%;\n}\n<\/style>\n\t<\/div>\n\t\n\t\t<\/div>\n\t\t\t\t\t<\/div>\n\n\t\n<\/div>\n\t\t<\/div>\n\n\t\t\n<style>\n#section_2084837941 {\n  padding-top: 0px;\n  padding-bottom: 0px;\n}\n@media (min-width:550px) {\n  #section_2084837941 {\n    padding-top: 30px;\n    padding-bottom: 30px;\n  }\n}\n<\/style>\n\t<\/section>\n\t\n\t<section class=\"section\" id=\"section_588337539\">\n\t\t<div class=\"bg section-bg fill bg-fill bg-loaded \" >\n\n\t\t\t\n\t\t\t\n\t\t\t\n\n\t\t<\/div>\n\n\t\t\n\n\t\t<div class=\"section-content relative\">\n\t\t\t\n<div class=\"row row-collapse align-middle align-center\"  id=\"row-635132898\">\n\n\t<div id=\"col-1890288600\" class=\"col medium-6 small-12 large-6\"  >\n\t\t\t\t<div class=\"col-inner\"  >\n\t\t\t\n\t\t\t\n\t<div class=\"img has-hover x md-x lg-x y md-y lg-y\" id=\"image_918023976\">\n\t\t\t\t\t\t\t\t<div class=\"img-inner image-cover dark\" style=\"padding-top:75%;\">\n\t\t\t<img loading=\"lazy\" decoding=\"async\" width=\"1920\" height=\"1080\" src=\"https:\/\/artpointmimarlik.com\/wp-content\/uploads\/2023\/08\/Konteyner-Prefabrik-Ev-Yapimi-1.jpg\" class=\"attachment-original size-original\" alt=\"\" srcset=\"https:\/\/artpointmimarlik.com\/wp-content\/uploads\/2023\/08\/Konteyner-Prefabrik-Ev-Yapimi-1.jpg 1920w, https:\/\/artpointmimarlik.com\/wp-content\/uploads\/2023\/08\/Konteyner-Prefabrik-Ev-Yapimi-1-300x169.jpg 300w, https:\/\/artpointmimarlik.com\/wp-content\/uploads\/2023\/08\/Konteyner-Prefabrik-Ev-Yapimi-1-1024x576.jpg 1024w, https:\/\/artpointmimarlik.com\/wp-content\/uploads\/2023\/08\/Konteyner-Prefabrik-Ev-Yapimi-1-768x432.jpg 768w, https:\/\/artpointmimarlik.com\/wp-content\/uploads\/2023\/08\/Konteyner-Prefabrik-Ev-Yapimi-1-1536x864.jpg 1536w\" sizes=\"auto, (max-width: 1920px) 100vw, 1920px\" \/>\t\t\t\t\t\t\n\t\t\t\t\t<\/div>\n\t\t\t\t\t\t\t\t\n<style>\n#image_918023976 {\n  width: 100%;\n}\n<\/style>\n\t<\/div>\n\t\n\t\t<\/div>\n\t\t\t\t\t<\/div>\n\n\t\n\n\t<div id=\"col-827774714\" class=\"col medium-6 small-12 large-6\"  >\n\t\t\t\t<div class=\"col-inner\"  >\n\t\t\t\n\t\t\t\n<h3>Our Services<\/h3>\n<p><strong>Container Houses:<\/strong> We design portable and stylish container houses that reflect the modern lifestyle. When the functionality and aesthetics of containers come together, unique living spaces emerge.<\/p>\n<p><strong>Prefabricated Houses:<\/strong> We offer prefabricated solutions for fast and quality house construction. We design and deliver prefabricated houses according to your needs and preferences.<\/p>\n<p><strong>Design and Implementation:<\/strong> We support you at every stage of construction. We keep you informed every step of the way, from project planning, design, production and installation.<\/p>\n<p><strong>Consultancy<\/strong> We provide consultancy to identify the needs of your home or business and find the most suitable solution.<\/p>\n\t\t<\/div>\n\t\t\t\t\n<style>\n#col-827774714 > .col-inner {\n  padding: 15px 15px 15px 15px;\n}\n<\/style>\n\t<\/div>\n\n\t\n<\/div>\n\t\t<\/div>\n\n\t\t\n<style>\n#section_588337539 {\n  padding-top: 29px;\n  padding-bottom: 29px;\n}\n#section_588337539 .section-bg.bg-loaded {\n  background-image: url(https:\/\/artpointmimarlik.com\/wp-content\/uploads\/2023\/08\/square-pattern.png);\n}\n@media (min-width:550px) {\n  #section_588337539 {\n    padding-top: 30px;\n    padding-bottom: 30px;\n  }\n}\n<\/style>\n\t<\/section>\n\t\n\t<section class=\"section\" id=\"section_2011275215\">\n\t\t<div class=\"bg section-bg fill bg-fill bg-loaded bg-loaded\" >\n\n\t\t\t\n\t\t\t\n\t\t\t\n\n\t\t<\/div>\n\n\t\t\n\n\t\t<div class=\"section-content relative\">\n\t\t\t\n<div class=\"row row-collapse align-middle align-center\"  id=\"row-1407033641\">\n\n\t<div id=\"col-1040420683\" class=\"col medium-6 small-12 large-6\"  >\n\t\t\t\t<div class=\"col-inner\"  >\n\t\t\t\n\t\t\t\n<h3>Why Artpoint Architecture?<\/h3>\n<ul>\n<li><strong>Design Expertise:<\/strong> We stand out with our expertise in modern and functional designs.<\/li>\n<li><strong>Speed and Practicality:<\/strong> We use the fast and practical advantages of container and prefabricated construction in the best way for you.<\/li>\n<li><strong>Customer Orientation:<\/strong> We first contact you to understand your projects and needs.<\/li>\n<li><strong>Quality and Aesthetics:<\/strong> We attach great importance to both design and construction quality.<\/li>\n<\/ul>\n\t\t<\/div>\n\t\t\t\t\n<style>\n#col-1040420683 > .col-inner {\n  padding: 15px 15px 15px 15px;\n}\n<\/style>\n\t<\/div>\n\n\t\n\n\t<div id=\"col-1332347873\" class=\"col medium-6 small-12 large-6 small-col-first\"  >\n\t\t\t\t<div class=\"col-inner\"  >\n\t\t\t\n\t\t\t\n\t<div class=\"img has-hover x md-x lg-x y md-y lg-y\" id=\"image_1862404415\">\n\t\t\t\t\t\t\t\t<div class=\"img-inner dark\" >\n\t\t\t<img loading=\"lazy\" decoding=\"async\" width=\"1920\" height=\"1080\" src=\"https:\/\/artpointmimarlik.com\/wp-content\/uploads\/2023\/08\/Konteyner-Prefabrik-Ev-Yapimi-3.jpg\" class=\"attachment-original size-original\" alt=\"\" srcset=\"https:\/\/artpointmimarlik.com\/wp-content\/uploads\/2023\/08\/Konteyner-Prefabrik-Ev-Yapimi-3.jpg 1920w, https:\/\/artpointmimarlik.com\/wp-content\/uploads\/2023\/08\/Konteyner-Prefabrik-Ev-Yapimi-3-300x169.jpg 300w, https:\/\/artpointmimarlik.com\/wp-content\/uploads\/2023\/08\/Konteyner-Prefabrik-Ev-Yapimi-3-1024x576.jpg 1024w, https:\/\/artpointmimarlik.com\/wp-content\/uploads\/2023\/08\/Konteyner-Prefabrik-Ev-Yapimi-3-768x432.jpg 768w, https:\/\/artpointmimarlik.com\/wp-content\/uploads\/2023\/08\/Konteyner-Prefabrik-Ev-Yapimi-3-1536x864.jpg 1536w\" sizes=\"auto, (max-width: 1920px) 100vw, 1920px\" \/>\t\t\t\t\t\t\n\t\t\t\t\t<\/div>\n\t\t\t\t\t\t\t\t\n<style>\n#image_1862404415 {\n  width: 100%;\n}\n<\/style>\n\t<\/div>\n\t\n\t\t<\/div>\n\t\t\t\t\t<\/div>\n\n\t\n<\/div>\n\t\t<\/div>\n\n\t\t\n<style>\n#section_2011275215 {\n  padding-top: 30px;\n  padding-bottom: 30px;\n}\n<\/style>\n\t<\/section>\n\t\n\t<section class=\"section\" id=\"section_2053366869\">\n\t\t<div class=\"bg section-bg fill bg-fill bg-loaded \" >\n\n\t\t\t\n\t\t\t\n\t\t\t\n\n\t\t<\/div>\n\n\t\t\n\n\t\t<div class=\"section-content relative\">\n\t\t\t\n<div class=\"row row-collapse align-middle align-center\"  id=\"row-2052888960\">\n\n\t<div id=\"col-1548537921\" class=\"col medium-6 small-12 large-6\"  >\n\t\t\t\t<div class=\"col-inner\"  >\n\t\t\t\n\t\t\t\n\n  <div class=\"banner has-hover\" id=\"banner-1394025420\">\n          <div class=\"banner-inner fill\">\n        <div class=\"banner-bg fill\" >\n            <div class=\"bg fill bg-fill bg-loaded\"><\/div>\n                        <div class=\"overlay\"><\/div>            \n                    <\/div>\n\t\t\n        <div class=\"banner-layers container\">\n            <div class=\"fill banner-link\"><\/div>            \n   <div id=\"text-box-314976799\" class=\"text-box banner-layer x50 md-x50 lg-x50 y50 md-y50 lg-y50 res-text\">\n                                <div class=\"text-box-content text dark\">\n              \n              <div class=\"text-inner text-center\">\n                  \n\t<div id=\"text-2307251213\" class=\"text\">\n\t\t\n<p style=\"text-align: center;\"><strong>If you are looking for a modern and practical home building experience, feel free to contact us. We are happy to offer the most suitable container or prefabricated solution for you.<\/strong><\/p>\n\t\t\n<style>\n#text-2307251213 {\n  font-size: 0.9rem;\n  color: rgb(255,255,255);\n}\n#text-2307251213 > * {\n  color: rgb(255,255,255);\n}\n@media (min-width:550px) {\n  #text-2307251213 {\n    font-size: 1.15rem;\n  }\n}\n<\/style>\n\t<\/div>\n\t\n              <\/div>\n           <\/div>\n                            \n<style>\n#text-box-314976799 {\n  width: 100%;\n}\n#text-box-314976799 .text-box-content {\n  font-size: 100%;\n}\n@media (min-width:550px) {\n  #text-box-314976799 {\n    width: 92%;\n  }\n}\n<\/style>\n    <\/div>\n \n        <\/div>\n      <\/div>\n\n            \n<style>\n#banner-1394025420 {\n  padding-top: 300px;\n}\n#banner-1394025420 .bg.bg-loaded {\n  background-image: url(https:\/\/artpointmimarlik.com\/wp-content\/uploads\/2023\/08\/ev-tadilat-ve-dekorsayon-hizmetleri.jpg);\n}\n#banner-1394025420 .overlay {\n  background-color: rgba(0,0,0,.5);\n}\n@media (min-width:550px) {\n  #banner-1394025420 {\n    padding-top: 500px;\n  }\n}\n<\/style>\n  <\/div>\n\n\n\t\t<\/div>\n\t\t\t\t\n<style>\n#col-1548537921 > .col-inner {\n  padding: 15px 15px 15px 15px;\n}\n<\/style>\n\t<\/div>\n\n\t\n\n\t<div id=\"col-1418000336\" class=\"col medium-6 small-12 large-6\"  >\n\t\t\t\t<div class=\"col-inner\"  >\n\t\t\t\n\t\t\t\n<div class=\"row row-collapse align-middle align-center\"  id=\"row-1338663181\">\n\n\t<div id=\"col-1842548221\" class=\"col medium-6 small-12 large-6\"  >\n\t\t\t\t<div class=\"col-inner\"  >\n\t\t\t\n\t\t\t\n<a class=\"button success is-large lowercase expand\"  >\n  <i class=\"icon-whatsapp\" aria-hidden=\"true\" ><\/i>  <span>WhatsApp<\/span>\n  <\/a>\n\n\t\t<\/div>\n\t\t\t\t\n<style>\n#col-1842548221 > .col-inner {\n  padding: 0px 15px 0px 15px;\n}\n<\/style>\n\t<\/div>\n\n\t\n\n\t<div id=\"col-1457417173\" class=\"col medium-6 small-12 large-6\"  >\n\t\t\t\t<div class=\"col-inner\"  >\n\t\t\t\n\t\t\t\n<a class=\"button primary is-large lowercase expand\"  >\n  <i class=\"icon-phone\" aria-hidden=\"true\" ><\/i>  <span>Call Us Now<\/span>\n  <\/a>\n\n\t\t<\/div>\n\t\t\t\t\n<style>\n#col-1457417173 > .col-inner {\n  padding: 0px 15px 0px 15px;\n}\n<\/style>\n\t<\/div>\n\n\t\n<\/div>\n\t<div id=\"text-956848385\" class=\"text\">\n\t\t\n<h3>Or fill in the form and we will call you.<\/h3>\n\t\t\n<style>\n#text-956848385 {\n  text-align: center;\n}\n<\/style>\n\t<\/div>\n\t\n\n<div class=\"wpcf7 no-js\" id=\"wpcf7-f182-o1\" lang=\"tr-TR\" dir=\"ltr\" data-wpcf7-id=\"182\">\n<div class=\"screen-reader-response\"><p role=\"status\" aria-live=\"polite\" aria-atomic=\"true\"><\/p> <ul><\/ul><\/div>\n<form action=\"\/en\/wp-json\/wp\/v2\/pages\/1410#wpcf7-f182-o1\" method=\"post\" class=\"wpcf7-form init\" aria-label=\"\u0130leti\u015fim Formu\" novalidate=\"novalidate\" data-status=\"init\">\n<fieldset class=\"hidden-fields-container\"><input type=\"hidden\" name=\"_wpcf7\" value=\"182\" \/><input type=\"hidden\" name=\"_wpcf7_version\" value=\"6.1\" \/><input type=\"hidden\" name=\"_wpcf7_locale\" value=\"tr_TR\" \/><input type=\"hidden\" name=\"_wpcf7_unit_tag\" value=\"wpcf7-f182-o1\" \/><input type=\"hidden\" name=\"_wpcf7_container_post\" value=\"0\" \/><input type=\"hidden\" name=\"_wpcf7_posted_data_hash\" value=\"\" \/>\n<\/fieldset>\n<div class=\"cform-iletisim\">\n\t<div class=\"iletisim-col\">\n\t\t<p><span class=\"wpcf7-form-control-wrap\" data-name=\"ad-soyad\"><input size=\"40\" maxlength=\"400\" class=\"wpcf7-form-control wpcf7-text wpcf7-validates-as-required\" aria-required=\"true\" aria-invalid=\"false\" placeholder=\"\u0130sim &amp; Soyisim..\" value=\"\" type=\"text\" name=\"ad-soyad\" \/><\/span>\n\t\t<\/p>\n\t<\/div>\n\t<div class=\"iletisim-col\">\n\t\t<p><span class=\"wpcf7-form-control-wrap\" data-name=\"eposta\"><input size=\"40\" maxlength=\"400\" class=\"wpcf7-form-control wpcf7-email wpcf7-validates-as-required wpcf7-text wpcf7-validates-as-email\" aria-required=\"true\" aria-invalid=\"false\" placeholder=\"E-Posta Adresiniz..\" value=\"\" type=\"email\" name=\"eposta\" \/><\/span>\n\t\t<\/p>\n\t<\/div>\n\t<div class=\"iletisim-col\">\n\t\t<p><span class=\"wpcf7-form-control-wrap\" data-name=\"telefon\"><input size=\"40\" maxlength=\"400\" class=\"wpcf7-form-control wpcf7-tel wpcf7-validates-as-required wpcf7-text wpcf7-validates-as-tel\" aria-required=\"true\" aria-invalid=\"false\" placeholder=\"Telefon Numaran\u0131z..\" value=\"\" type=\"tel\" name=\"telefon\" \/><\/span>\n\t\t<\/p>\n\t<\/div>\n\t<div class=\"iletisim-col\">\n\t\t<p><span class=\"wpcf7-form-control-wrap\" data-name=\"servis\"><input size=\"40\" maxlength=\"400\" class=\"wpcf7-form-control wpcf7-text wpcf7-validates-as-required\" aria-required=\"true\" aria-invalid=\"false\" placeholder=\"Hangi Hizmetimiz \u0130le \u0130lgileniyorsunuz?\" value=\"\" type=\"text\" name=\"servis\" \/><\/span>\n\t\t<\/p>\n\t<\/div>\n\t<div class=\"iletisim-col-large\">\n\t\t<p><span class=\"wpcf7-form-control-wrap\" data-name=\"mesaj\"><textarea cols=\"40\" rows=\"10\" maxlength=\"2000\" class=\"wpcf7-form-control wpcf7-textarea wpcf7-validates-as-required\" aria-required=\"true\" aria-invalid=\"false\" placeholder=\"Mesaj\u0131n\u0131z..\" name=\"mesaj\"><\/textarea><\/span>\n\t\t<\/p>\n\t<\/div>\n\t<div class=\"accept-ilt\">\n\t\t<p><span class=\"wpcf7-form-control-wrap\" data-name=\"kabul\"><span class=\"wpcf7-form-control wpcf7-acceptance\"><span class=\"wpcf7-list-item\"><label><input type=\"checkbox\" name=\"kabul\" value=\"1\" aria-invalid=\"false\" \/><span class=\"wpcf7-list-item-label\">Hizmet \u015fartlar\u0131na ba\u011fl\u0131y\u0131m <a href=\"\/kvkk\"><b>KVKK Politikas\u0131<\/b><\/a> kabul ediyorum<\/span><\/label><\/span><\/span><\/span>\n\t\t<\/p>\n\t<\/div>\n<div class=\"wpcf7-turnstile cf-turnstile\" data-sitekey=\"0x4AAAAAABjaSOX3MWYn7bJf\" data-response-field-name=\"_wpcf7_turnstile_response\"><\/div>\n\t<div class=\"send-btn-ilt\">\n\t\t<p><input class=\"wpcf7-form-control wpcf7-submit has-spinner\" type=\"submit\" value=\"G\u00f6nder\" \/>\n\t\t<\/p>\n\t<\/div>\n<\/div><div class=\"wpcf7-response-output\" aria-hidden=\"true\"><\/div>\n<\/form>\n<\/div>\n\n\t\t<\/div>\n\t\t\t\t\n<style>\n#col-1418000336 > .col-inner {\n  padding: 15px 15px 15px 15px;\n}\n<\/style>\n\t<\/div>\n\n\t\n<\/div>\n\t\t<\/div>\n\n\t\t\n<style>\n#section_2053366869 {\n  padding-top: 30px;\n  padding-bottom: 30px;\n}\n#section_2053366869 .section-bg.bg-loaded {\n  background-image: url(https:\/\/artpointmimarlik.com\/wp-content\/uploads\/2023\/08\/ArchImage2.jpeg);\n}\n<\/style>\n\t<\/section>\n\t\n","protected":false},"excerpt":{"rendered":"","protected":false},"author":1,"featured_media":0,"parent":0,"menu_order":0,"comment_status":"closed","ping_status":"closed","template":"page-blank.php","meta":{"footnotes":""},"class_list":["post-1410","page","type-page","status-publish","hentry"],"aioseo_notices":[],"_links":{"self":[{"href":"https:\/\/artpointmimarlik.com\/en\/wp-json\/wp\/v2\/pages\/1410","targetHints":{"allow":["GET"]}}],"collection":[{"href":"https:\/\/artpointmimarlik.com\/en\/wp-json\/wp\/v2\/pages"}],"about":[{"href":"https:\/\/artpointmimarlik.com\/en\/wp-json\/wp\/v2\/types\/page"}],"author":[{"embeddable":true,"href":"https:\/\/artpointmimarlik.com\/en\/wp-json\/wp\/v2\/users\/1"}],"replies":[{"embeddable":true,"href":"https:\/\/artpointmimarlik.com\/en\/wp-json\/wp\/v2\/comments?post=1410"}],"version-history":[{"count":1,"href":"https:\/\/artpointmimarlik.com\/en\/wp-json\/wp\/v2\/pages\/1410\/revisions"}],"predecessor-version":[{"id":1411,"href":"https:\/\/artpointmimarlik.com\/en\/wp-json\/wp\/v2\/pages\/1410\/revisions\/1411"}],"wp:attachment":[{"href":"https:\/\/artpointmimarlik.com\/en\/wp-json\/wp\/v2\/media?parent=1410"}],"curies":[{"name":"wp","href":"https:\/\/api.w.org\/{rel}","templated":true}]}}