{"id":1401,"date":"2023-08-24T19:32:49","date_gmt":"2023-08-24T19:32:49","guid":{"rendered":"https:\/\/artpointmimarlik.com\/furniture-design-and-application\/"},"modified":"2023-09-13T08:50:37","modified_gmt":"2023-09-13T08:50:37","slug":"furniture-design-and-application","status":"publish","type":"page","link":"https:\/\/artpointmimarlik.com\/en\/furniture-design-and-application\/","title":{"rendered":"Furniture Design and Application"},"content":{"rendered":"  <div id=\"page-header-2085757610\" class=\"page-header-wrapper\">\n  <div class=\"page-title dark featured-title\">\n\n    \n    <div class=\"page-title-inner container align-center flex-row medium-flex-wrap\" >\n              <div class=\"title-wrapper flex-col text-left medium-text-center\">\n          <h1 class=\"entry-title mb-0\">\n            Furniture Design and Application          <\/h1>\n        <\/div>\n                    <div class=\"title-content flex-col flex-right text-right medium-text-center\">\n        <div class=\"title-breadcrumbs pb-half pt-half\"><\/div>      <\/div>\n    <\/div>\n\n       <\/div>\n    <\/div>\n  \n\t<section class=\"section\" id=\"section_629997418\">\n\t\t<div class=\"bg section-bg fill bg-fill bg-loaded bg-loaded\" >\n\n\t\t\t\n\t\t\t\n\t\t\t\n\n\t\t<\/div>\n\n\t\t\n\n\t\t<div class=\"section-content relative\">\n\t\t\t\n<div class=\"row row-collapse align-middle align-center\"  id=\"row-167055214\">\n\n\t<div id=\"col-1277597228\" class=\"col medium-6 small-12 large-6\"  >\n\t\t\t\t<div class=\"col-inner\"  >\n\t\t\t\n\t\t\t\n\t<div id=\"text-299970311\" class=\"text\">\n\t\t\n<p>As ArtPoint Architecture, we offer creative and functional furniture designs to add character and originality to your living spaces. With our specially designed furniture, your home or workplace will take on a style that reflects you, far from ordinary. With our designs that combine aesthetics and functionality, we consider each piece as a work of art.<\/p>\n\t\t\n<style>\n#text-299970311 {\n  text-align: left;\n}\n<\/style>\n\t<\/div>\n\t\n<h3>Our Design Philosophy<\/h3>\n<p>In each of our designs, we aim to combine aesthetics and functionality in a perfect balance. Our furniture is not only beautiful to look at, but also designed to make your daily life easier. Here are the basic principles of our design philosophy:<\/p>\n\t\t<\/div>\n\t\t\t\t\n<style>\n#col-1277597228 > .col-inner {\n  padding: 15px 15px 15px 15px;\n}\n<\/style>\n\t<\/div>\n\n\t\n\n\t<div id=\"col-1385825638\" class=\"col medium-6 small-12 large-6 small-col-first\"  >\n\t\t\t\t<div class=\"col-inner\"  >\n\t\t\t\n\t\t\t\n\t<div class=\"img has-hover x md-x lg-x y md-y lg-y\" id=\"image_1715746520\">\n\t\t\t\t\t\t\t\t<div class=\"img-inner image-cover dark\" style=\"padding-top:75%;\">\n\t\t\t<img loading=\"lazy\" decoding=\"async\" width=\"2560\" height=\"2560\" src=\"https:\/\/artpointmimarlik.com\/wp-content\/uploads\/2023\/08\/mobilya-tasarimi-4-scaled.jpg\" class=\"attachment-original size-original\" alt=\"\" srcset=\"https:\/\/artpointmimarlik.com\/wp-content\/uploads\/2023\/08\/mobilya-tasarimi-4-scaled.jpg 2560w, https:\/\/artpointmimarlik.com\/wp-content\/uploads\/2023\/08\/mobilya-tasarimi-4-300x300.jpg 300w, https:\/\/artpointmimarlik.com\/wp-content\/uploads\/2023\/08\/mobilya-tasarimi-4-1024x1024.jpg 1024w, https:\/\/artpointmimarlik.com\/wp-content\/uploads\/2023\/08\/mobilya-tasarimi-4-150x150.jpg 150w, https:\/\/artpointmimarlik.com\/wp-content\/uploads\/2023\/08\/mobilya-tasarimi-4-768x768.jpg 768w, https:\/\/artpointmimarlik.com\/wp-content\/uploads\/2023\/08\/mobilya-tasarimi-4-1536x1536.jpg 1536w, https:\/\/artpointmimarlik.com\/wp-content\/uploads\/2023\/08\/mobilya-tasarimi-4-2048x2048.jpg 2048w\" sizes=\"auto, (max-width: 2560px) 100vw, 2560px\" \/>\t\t\t\t\t\t\n\t\t\t\t\t<\/div>\n\t\t\t\t\t\t\t\t\n<style>\n#image_1715746520 {\n  width: 100%;\n}\n<\/style>\n\t<\/div>\n\t\n\t\t<\/div>\n\t\t\t\t\t<\/div>\n\n\t\n<\/div>\n\t\t<\/div>\n\n\t\t\n<style>\n#section_629997418 {\n  padding-top: 0px;\n  padding-bottom: 0px;\n}\n@media (min-width:550px) {\n  #section_629997418 {\n    padding-top: 30px;\n    padding-bottom: 30px;\n  }\n}\n<\/style>\n\t<\/section>\n\t\n\t<section class=\"section\" id=\"section_1507667781\">\n\t\t<div class=\"bg section-bg fill bg-fill bg-loaded \" >\n\n\t\t\t\n\t\t\t\n\t\t\t\n\n\t\t<\/div>\n\n\t\t\n\n\t\t<div class=\"section-content relative\">\n\t\t\t\n<div class=\"row row-collapse align-middle align-center\"  id=\"row-1945190004\">\n\n\t<div id=\"col-1475015512\" class=\"col medium-6 small-12 large-6\"  >\n\t\t\t\t<div class=\"col-inner\"  >\n\t\t\t\n\t\t\t\n\t<div class=\"img has-hover x md-x lg-x y md-y lg-y\" id=\"image_878189076\">\n\t\t\t\t\t\t\t\t<div class=\"img-inner image-cover dark\" style=\"padding-top:75%;\">\n\t\t\t<img loading=\"lazy\" decoding=\"async\" width=\"1920\" height=\"960\" src=\"https:\/\/artpointmimarlik.com\/wp-content\/uploads\/2023\/08\/mobilya-tasarimi-3.jpg\" class=\"attachment-original size-original\" alt=\"\" srcset=\"https:\/\/artpointmimarlik.com\/wp-content\/uploads\/2023\/08\/mobilya-tasarimi-3.jpg 1920w, https:\/\/artpointmimarlik.com\/wp-content\/uploads\/2023\/08\/mobilya-tasarimi-3-300x150.jpg 300w, https:\/\/artpointmimarlik.com\/wp-content\/uploads\/2023\/08\/mobilya-tasarimi-3-1024x512.jpg 1024w, https:\/\/artpointmimarlik.com\/wp-content\/uploads\/2023\/08\/mobilya-tasarimi-3-768x384.jpg 768w, https:\/\/artpointmimarlik.com\/wp-content\/uploads\/2023\/08\/mobilya-tasarimi-3-1536x768.jpg 1536w\" sizes=\"auto, (max-width: 1920px) 100vw, 1920px\" \/>\t\t\t\t\t\t\n\t\t\t\t\t<\/div>\n\t\t\t\t\t\t\t\t\n<style>\n#image_878189076 {\n  width: 100%;\n}\n<\/style>\n\t<\/div>\n\t\n\t\t<\/div>\n\t\t\t\t\t<\/div>\n\n\t\n\n\t<div id=\"col-716245404\" class=\"col medium-6 small-12 large-6\"  >\n\t\t\t\t<div class=\"col-inner\"  >\n\t\t\t\n\t\t\t\n<ul>\n<li><strong>Individuality:<\/strong> Each individual has a different style. That&#8217;s why we shape our specially designed furniture to suit your tastes and lifestyle.<\/li>\n<li><strong>Innovation<\/strong> We are not afraid to push the boundaries in furniture design. We create unique pieces with innovative materials and design approaches.<\/li>\n<li><strong>Durability:<\/strong> By using quality materials, we ensure the longevity of our furniture. We strengthen our designs by combining aesthetics and robustness.<\/li>\n<\/ul>\n\t\t<\/div>\n\t\t\t\t\n<style>\n#col-716245404 > .col-inner {\n  padding: 15px 15px 15px 15px;\n}\n<\/style>\n\t<\/div>\n\n\t\n<\/div>\n\t\t<\/div>\n\n\t\t\n<style>\n#section_1507667781 {\n  padding-top: 29px;\n  padding-bottom: 29px;\n}\n#section_1507667781 .section-bg.bg-loaded {\n  background-image: url(https:\/\/artpointmimarlik.com\/wp-content\/uploads\/2023\/08\/square-pattern.png);\n}\n@media (min-width:550px) {\n  #section_1507667781 {\n    padding-top: 30px;\n    padding-bottom: 30px;\n  }\n}\n<\/style>\n\t<\/section>\n\t\n\t<section class=\"section\" id=\"section_1577498836\">\n\t\t<div class=\"bg section-bg fill bg-fill bg-loaded bg-loaded\" >\n\n\t\t\t\n\t\t\t\n\t\t\t\n\n\t\t<\/div>\n\n\t\t\n\n\t\t<div class=\"section-content relative\">\n\t\t\t\n<div class=\"row row-collapse align-middle align-center\"  id=\"row-585529916\">\n\n\t<div id=\"col-259313814\" class=\"col medium-6 small-12 large-6\"  >\n\t\t\t\t<div class=\"col-inner\"  >\n\t\t\t\n\t\t\t\n<p><strong>Special Design Furniture:<\/strong> We design customized furniture for your home, office or business. By planning every detail in collaboration with you, we offer furniture that completely changes the atmosphere of your space.<\/p>\n<p><strong>Consulting and Design Advice:<\/strong> We provide you with consultancy on furniture choices, color harmony and arrangements. We guide you to make the most of your venue&#8217;s potential.<\/p>\n<p><strong>Material and Color Selection:<\/strong> We offer a wide palette of materials and colors, allowing you to personalize your designs. We create the furniture of your dreams by offering options suitable for every taste and space.<\/p>\n<p><strong>Our Expert Team:<\/strong> We work together with experienced designers, artisans and production team. This way we guarantee quality and creativity at every stage of the design.<\/p>\n<p><strong>Unique Experience:<\/strong> For us, furniture design is not just a service, it is an experience. You dream, we make it come true.<\/p>\n\t\t<\/div>\n\t\t\t\t\n<style>\n#col-259313814 > .col-inner {\n  padding: 15px 15px 15px 15px;\n}\n<\/style>\n\t<\/div>\n\n\t\n\n\t<div id=\"col-717241395\" class=\"col medium-6 small-12 large-6 small-col-first\"  >\n\t\t\t\t<div class=\"col-inner\"  >\n\t\t\t\n\t\t\t\n\t<div class=\"img has-hover x md-x lg-x y md-y lg-y\" id=\"image_121899304\">\n\t\t\t\t\t\t\t\t<div class=\"img-inner image-cover dark\" style=\"padding-top:75%;\">\n\t\t\t<img loading=\"lazy\" decoding=\"async\" width=\"2560\" height=\"1707\" src=\"https:\/\/artpointmimarlik.com\/wp-content\/uploads\/2023\/08\/mobilya-tasarimi-2-scaled.jpg\" class=\"attachment-original size-original\" alt=\"\" srcset=\"https:\/\/artpointmimarlik.com\/wp-content\/uploads\/2023\/08\/mobilya-tasarimi-2-scaled.jpg 2560w, https:\/\/artpointmimarlik.com\/wp-content\/uploads\/2023\/08\/mobilya-tasarimi-2-300x200.jpg 300w, https:\/\/artpointmimarlik.com\/wp-content\/uploads\/2023\/08\/mobilya-tasarimi-2-1024x683.jpg 1024w, https:\/\/artpointmimarlik.com\/wp-content\/uploads\/2023\/08\/mobilya-tasarimi-2-768x512.jpg 768w, https:\/\/artpointmimarlik.com\/wp-content\/uploads\/2023\/08\/mobilya-tasarimi-2-1536x1024.jpg 1536w, https:\/\/artpointmimarlik.com\/wp-content\/uploads\/2023\/08\/mobilya-tasarimi-2-2048x1365.jpg 2048w\" sizes=\"auto, (max-width: 2560px) 100vw, 2560px\" \/>\t\t\t\t\t\t\n\t\t\t\t\t<\/div>\n\t\t\t\t\t\t\t\t\n<style>\n#image_121899304 {\n  width: 100%;\n}\n<\/style>\n\t<\/div>\n\t\n\t\t<\/div>\n\t\t\t\t\t<\/div>\n\n\t\n<\/div>\n\t\t<\/div>\n\n\t\t\n<style>\n#section_1577498836 {\n  padding-top: 30px;\n  padding-bottom: 30px;\n}\n<\/style>\n\t<\/section>\n\t\n\t<section class=\"section\" id=\"section_1392662121\">\n\t\t<div class=\"bg section-bg fill bg-fill bg-loaded \" >\n\n\t\t\t\n\t\t\t\n\t\t\t\n\n\t\t<\/div>\n\n\t\t\n\n\t\t<div class=\"section-content relative\">\n\t\t\t\n<div class=\"row row-collapse align-middle align-center\"  id=\"row-1105156818\">\n\n\t<div id=\"col-1161432317\" class=\"col medium-6 small-12 large-6\"  >\n\t\t\t\t<div class=\"col-inner\"  >\n\t\t\t\n\t\t\t\n\n  <div class=\"banner has-hover\" id=\"banner-1807415277\">\n          <div class=\"banner-inner fill\">\n        <div class=\"banner-bg fill\" >\n            <div class=\"bg fill bg-fill bg-loaded\"><\/div>\n                        <div class=\"overlay\"><\/div>            \n                    <\/div>\n\t\t\n        <div class=\"banner-layers container\">\n            <div class=\"fill banner-link\"><\/div>            \n   <div id=\"text-box-859196013\" class=\"text-box banner-layer x50 md-x50 lg-x50 y50 md-y50 lg-y50 res-text\">\n                                <div class=\"text-box-content text dark\">\n              \n              <div class=\"text-inner text-center\">\n                  \n\t<div id=\"text-3296621940\" class=\"text\">\n\t\t\n<h5 style=\"text-align: center;\">If you want to breathe new life into your living spaces with our specially designed furniture, do not hesitate to contact us. We look forward to providing customized solutions.<\/h5>\n\t\t\n<style>\n#text-3296621940 {\n  font-size: 0.9rem;\n  color: rgb(255,255,255);\n}\n#text-3296621940 > * {\n  color: rgb(255,255,255);\n}\n@media (min-width:550px) {\n  #text-3296621940 {\n    font-size: 1.15rem;\n  }\n}\n<\/style>\n\t<\/div>\n\t\n              <\/div>\n           <\/div>\n                            \n<style>\n#text-box-859196013 {\n  width: 100%;\n}\n#text-box-859196013 .text-box-content {\n  font-size: 100%;\n}\n@media (min-width:550px) {\n  #text-box-859196013 {\n    width: 92%;\n  }\n}\n<\/style>\n    <\/div>\n \n        <\/div>\n      <\/div>\n\n            \n<style>\n#banner-1807415277 {\n  padding-top: 300px;\n}\n#banner-1807415277 .bg.bg-loaded {\n  background-image: url(https:\/\/artpointmimarlik.com\/wp-content\/uploads\/2023\/08\/ev-tadilat-ve-dekorsayon-hizmetleri.jpg);\n}\n#banner-1807415277 .overlay {\n  background-color: rgba(0,0,0,.5);\n}\n@media (min-width:550px) {\n  #banner-1807415277 {\n    padding-top: 500px;\n  }\n}\n<\/style>\n  <\/div>\n\n\n\t\t<\/div>\n\t\t\t\t\n<style>\n#col-1161432317 > .col-inner {\n  padding: 15px 15px 15px 15px;\n}\n<\/style>\n\t<\/div>\n\n\t\n\n\t<div id=\"col-571163162\" class=\"col medium-6 small-12 large-6\"  >\n\t\t\t\t<div class=\"col-inner\"  >\n\t\t\t\n\t\t\t\n<div class=\"row row-collapse align-middle align-center\"  id=\"row-1916351953\">\n\n\t<div id=\"col-314888398\" class=\"col medium-6 small-12 large-6\"  >\n\t\t\t\t<div class=\"col-inner\"  >\n\t\t\t\n\t\t\t\n<a class=\"button success is-large lowercase expand\"  >\n  <i class=\"icon-whatsapp\" aria-hidden=\"true\" ><\/i>  <span>WhatsApp<\/span>\n  <\/a>\n\n\t\t<\/div>\n\t\t\t\t\n<style>\n#col-314888398 > .col-inner {\n  padding: 0px 15px 0px 15px;\n}\n<\/style>\n\t<\/div>\n\n\t\n\n\t<div id=\"col-227792212\" class=\"col medium-6 small-12 large-6\"  >\n\t\t\t\t<div class=\"col-inner\"  >\n\t\t\t\n\t\t\t\n<a class=\"button primary is-large lowercase expand\"  >\n  <i class=\"icon-phone\" aria-hidden=\"true\" ><\/i>  <span>Call Us Now<\/span>\n  <\/a>\n\n\t\t<\/div>\n\t\t\t\t\n<style>\n#col-227792212 > .col-inner {\n  padding: 0px 15px 0px 15px;\n}\n<\/style>\n\t<\/div>\n\n\t\n<\/div>\n\t<div id=\"text-3974500598\" class=\"text\">\n\t\t\n<h3>Or fill in the form and we will call you.<\/h3>\n\t\t\n<style>\n#text-3974500598 {\n  text-align: center;\n}\n<\/style>\n\t<\/div>\n\t\n\n<div class=\"wpcf7 no-js\" id=\"wpcf7-f182-o1\" lang=\"tr-TR\" dir=\"ltr\" data-wpcf7-id=\"182\">\n<div class=\"screen-reader-response\"><p role=\"status\" aria-live=\"polite\" aria-atomic=\"true\"><\/p> <ul><\/ul><\/div>\n<form action=\"\/en\/wp-json\/wp\/v2\/pages\/1401#wpcf7-f182-o1\" method=\"post\" class=\"wpcf7-form init\" aria-label=\"\u0130leti\u015fim Formu\" novalidate=\"novalidate\" data-status=\"init\">\n<fieldset class=\"hidden-fields-container\"><input type=\"hidden\" name=\"_wpcf7\" value=\"182\" \/><input type=\"hidden\" name=\"_wpcf7_version\" value=\"6.1\" \/><input type=\"hidden\" name=\"_wpcf7_locale\" value=\"tr_TR\" \/><input type=\"hidden\" name=\"_wpcf7_unit_tag\" value=\"wpcf7-f182-o1\" \/><input type=\"hidden\" name=\"_wpcf7_container_post\" value=\"0\" \/><input type=\"hidden\" name=\"_wpcf7_posted_data_hash\" value=\"\" \/>\n<\/fieldset>\n<div class=\"cform-iletisim\">\n\t<div class=\"iletisim-col\">\n\t\t<p><span class=\"wpcf7-form-control-wrap\" data-name=\"ad-soyad\"><input size=\"40\" maxlength=\"400\" class=\"wpcf7-form-control wpcf7-text wpcf7-validates-as-required\" aria-required=\"true\" aria-invalid=\"false\" placeholder=\"\u0130sim &amp; Soyisim..\" value=\"\" type=\"text\" name=\"ad-soyad\" \/><\/span>\n\t\t<\/p>\n\t<\/div>\n\t<div class=\"iletisim-col\">\n\t\t<p><span class=\"wpcf7-form-control-wrap\" data-name=\"eposta\"><input size=\"40\" maxlength=\"400\" class=\"wpcf7-form-control wpcf7-email wpcf7-validates-as-required wpcf7-text wpcf7-validates-as-email\" aria-required=\"true\" aria-invalid=\"false\" placeholder=\"E-Posta Adresiniz..\" value=\"\" type=\"email\" name=\"eposta\" \/><\/span>\n\t\t<\/p>\n\t<\/div>\n\t<div class=\"iletisim-col\">\n\t\t<p><span class=\"wpcf7-form-control-wrap\" data-name=\"telefon\"><input size=\"40\" maxlength=\"400\" class=\"wpcf7-form-control wpcf7-tel wpcf7-validates-as-required wpcf7-text wpcf7-validates-as-tel\" aria-required=\"true\" aria-invalid=\"false\" placeholder=\"Telefon Numaran\u0131z..\" value=\"\" type=\"tel\" name=\"telefon\" \/><\/span>\n\t\t<\/p>\n\t<\/div>\n\t<div class=\"iletisim-col\">\n\t\t<p><span class=\"wpcf7-form-control-wrap\" data-name=\"servis\"><input size=\"40\" maxlength=\"400\" class=\"wpcf7-form-control wpcf7-text wpcf7-validates-as-required\" aria-required=\"true\" aria-invalid=\"false\" placeholder=\"Hangi Hizmetimiz \u0130le \u0130lgileniyorsunuz?\" value=\"\" type=\"text\" name=\"servis\" \/><\/span>\n\t\t<\/p>\n\t<\/div>\n\t<div class=\"iletisim-col-large\">\n\t\t<p><span class=\"wpcf7-form-control-wrap\" data-name=\"mesaj\"><textarea cols=\"40\" rows=\"10\" maxlength=\"2000\" class=\"wpcf7-form-control wpcf7-textarea wpcf7-validates-as-required\" aria-required=\"true\" aria-invalid=\"false\" placeholder=\"Mesaj\u0131n\u0131z..\" name=\"mesaj\"><\/textarea><\/span>\n\t\t<\/p>\n\t<\/div>\n\t<div class=\"accept-ilt\">\n\t\t<p><span class=\"wpcf7-form-control-wrap\" data-name=\"kabul\"><span class=\"wpcf7-form-control wpcf7-acceptance\"><span class=\"wpcf7-list-item\"><label><input type=\"checkbox\" name=\"kabul\" value=\"1\" aria-invalid=\"false\" \/><span class=\"wpcf7-list-item-label\">Hizmet \u015fartlar\u0131na ba\u011fl\u0131y\u0131m <a href=\"\/kvkk\"><b>KVKK Politikas\u0131<\/b><\/a> kabul ediyorum<\/span><\/label><\/span><\/span><\/span>\n\t\t<\/p>\n\t<\/div>\n<div class=\"wpcf7-turnstile cf-turnstile\" data-sitekey=\"0x4AAAAAABjaSOX3MWYn7bJf\" data-response-field-name=\"_wpcf7_turnstile_response\"><\/div>\n\t<div class=\"send-btn-ilt\">\n\t\t<p><input class=\"wpcf7-form-control wpcf7-submit has-spinner\" type=\"submit\" value=\"G\u00f6nder\" \/>\n\t\t<\/p>\n\t<\/div>\n<\/div><div class=\"wpcf7-response-output\" aria-hidden=\"true\"><\/div>\n<\/form>\n<\/div>\n\n\t\t<\/div>\n\t\t\t\t\n<style>\n#col-571163162 > .col-inner {\n  padding: 15px 15px 15px 15px;\n}\n<\/style>\n\t<\/div>\n\n\t\n<\/div>\n\t\t<\/div>\n\n\t\t\n<style>\n#section_1392662121 {\n  padding-top: 30px;\n  padding-bottom: 30px;\n}\n#section_1392662121 .section-bg.bg-loaded {\n  background-image: url(https:\/\/artpointmimarlik.com\/wp-content\/uploads\/2023\/08\/ArchImage2.jpeg);\n}\n<\/style>\n\t<\/section>\n\t\n","protected":false},"excerpt":{"rendered":"","protected":false},"author":1,"featured_media":0,"parent":0,"menu_order":0,"comment_status":"closed","ping_status":"closed","template":"page-blank.php","meta":{"footnotes":""},"class_list":["post-1401","page","type-page","status-publish","hentry"],"aioseo_notices":[],"_links":{"self":[{"href":"https:\/\/artpointmimarlik.com\/en\/wp-json\/wp\/v2\/pages\/1401","targetHints":{"allow":["GET"]}}],"collection":[{"href":"https:\/\/artpointmimarlik.com\/en\/wp-json\/wp\/v2\/pages"}],"about":[{"href":"https:\/\/artpointmimarlik.com\/en\/wp-json\/wp\/v2\/types\/page"}],"author":[{"embeddable":true,"href":"https:\/\/artpointmimarlik.com\/en\/wp-json\/wp\/v2\/users\/1"}],"replies":[{"embeddable":true,"href":"https:\/\/artpointmimarlik.com\/en\/wp-json\/wp\/v2\/comments?post=1401"}],"version-history":[{"count":4,"href":"https:\/\/artpointmimarlik.com\/en\/wp-json\/wp\/v2\/pages\/1401\/revisions"}],"predecessor-version":[{"id":1406,"href":"https:\/\/artpointmimarlik.com\/en\/wp-json\/wp\/v2\/pages\/1401\/revisions\/1406"}],"wp:attachment":[{"href":"https:\/\/artpointmimarlik.com\/en\/wp-json\/wp\/v2\/media?parent=1401"}],"curies":[{"name":"wp","href":"https:\/\/api.w.org\/{rel}","templated":true}]}}