{"id":1389,"date":"2023-08-24T13:08:57","date_gmt":"2023-08-24T13:08:57","guid":{"rendered":"https:\/\/artpointmimarlik.com\/home-remodeling-and-decoration\/"},"modified":"2023-09-13T08:45:48","modified_gmt":"2023-09-13T08:45:48","slug":"home-remodeling-and-decoration","status":"publish","type":"page","link":"https:\/\/artpointmimarlik.com\/en\/home-remodeling-and-decoration\/","title":{"rendered":"Home Remodeling and Decoration"},"content":{"rendered":"  <div id=\"page-header-1793105418\" class=\"page-header-wrapper\">\n  <div class=\"page-title dark featured-title\">\n\n    \n    <div class=\"page-title-inner container align-center flex-row medium-flex-wrap\" >\n              <div class=\"title-wrapper flex-col text-left medium-text-center\">\n          <h1 class=\"entry-title mb-0\">\n            Home Remodeling and Decoration          <\/h1>\n        <\/div>\n                    <div class=\"title-content flex-col flex-right text-right medium-text-center\">\n        <div class=\"title-breadcrumbs pb-half pt-half\"><\/div>      <\/div>\n    <\/div>\n\n       <\/div>\n    <\/div>\n  \n\t<section class=\"section\" id=\"section_1970729694\">\n\t\t<div class=\"bg section-bg fill bg-fill bg-loaded bg-loaded\" >\n\n\t\t\t\n\t\t\t\n\t\t\t\n\n\t\t<\/div>\n\n\t\t\n\n\t\t<div class=\"section-content relative\">\n\t\t\t\n<div class=\"row row-collapse align-middle align-center\"  id=\"row-1568102264\">\n\n\t<div id=\"col-1893793764\" class=\"col medium-6 small-12 large-6\"  >\n\t\t\t\t<div class=\"col-inner\"  >\n\t\t\t\n\t\t\t\n\t<div id=\"text-953277078\" class=\"text\">\n\t\t\n<p>We are here to make your living spaces more functional, aesthetic and personal! As Art Point Architecture, we offer you the best service with our expert team in home renovation and decoration. We see each project as a work of art and add artistic touches to your living spaces.<br \/>\n\t\t\n<style>\n#text-953277078 {\n  text-align: left;\n}\n<\/style>\n\t<\/div>\n\t\n<p><strong>1. Home Remodeling:<\/strong> We offer remodeling services with the latest techniques and materials to suit the needs and style of your home. With our experience in redesigning and reorganizing any space such as kitchen, bathroom, living room or bedroom, we turn your dreams into reality. <\/p>\n<p><strong>2. Interior Decoration:<\/strong> We are here to transform your interiors into warm and inviting spaces that reflect your individuality. We carefully plan every detail from color choices to furniture arrangements, from accessory choices to lighting. <\/p>\n\t\t<\/div>\n\t\t\t\t\n<style>\n#col-1893793764 > .col-inner {\n  padding: 15px 15px 15px 15px;\n}\n<\/style>\n\t<\/div>\n\n\t\n\n\t<div id=\"col-527844078\" class=\"col medium-6 small-12 large-6 small-col-first\"  >\n\t\t\t\t<div class=\"col-inner\"  >\n\t\t\t\n\t\t\t\n\t<div class=\"img has-hover x md-x lg-x y md-y lg-y\" id=\"image_484005089\">\n\t\t\t\t\t\t\t\t<div class=\"img-inner image-cover dark\" style=\"padding-top:58.25%;\">\n\t\t\t<img loading=\"lazy\" decoding=\"async\" width=\"1920\" height=\"1067\" src=\"https:\/\/artpointmimarlik.com\/wp-content\/uploads\/2023\/08\/ev-tadilat-ve-dekorasyon.jpg\" class=\"attachment-original size-original\" alt=\"\" srcset=\"https:\/\/artpointmimarlik.com\/wp-content\/uploads\/2023\/08\/ev-tadilat-ve-dekorasyon.jpg 1920w, https:\/\/artpointmimarlik.com\/wp-content\/uploads\/2023\/08\/ev-tadilat-ve-dekorasyon-300x167.jpg 300w, https:\/\/artpointmimarlik.com\/wp-content\/uploads\/2023\/08\/ev-tadilat-ve-dekorasyon-1024x569.jpg 1024w, https:\/\/artpointmimarlik.com\/wp-content\/uploads\/2023\/08\/ev-tadilat-ve-dekorasyon-768x427.jpg 768w, https:\/\/artpointmimarlik.com\/wp-content\/uploads\/2023\/08\/ev-tadilat-ve-dekorasyon-1536x854.jpg 1536w\" sizes=\"auto, (max-width: 1920px) 100vw, 1920px\" \/>\t\t\t\t\t\t\n\t\t\t\t\t<\/div>\n\t\t\t\t\t\t\t\t\n<style>\n#image_484005089 {\n  width: 100%;\n}\n<\/style>\n\t<\/div>\n\t\n\t\t<\/div>\n\t\t\t\t\t<\/div>\n\n\t\n<\/div>\n\t\t<\/div>\n\n\t\t\n<style>\n#section_1970729694 {\n  padding-top: 0px;\n  padding-bottom: 0px;\n}\n@media (min-width:550px) {\n  #section_1970729694 {\n    padding-top: 30px;\n    padding-bottom: 30px;\n  }\n}\n<\/style>\n\t<\/section>\n\t\n\t<section class=\"section\" id=\"section_1550418121\">\n\t\t<div class=\"bg section-bg fill bg-fill bg-loaded \" >\n\n\t\t\t\n\t\t\t\n\t\t\t\n\n\t\t<\/div>\n\n\t\t\n\n\t\t<div class=\"section-content relative\">\n\t\t\t\n<div class=\"row row-collapse align-middle align-center\"  id=\"row-1806591905\">\n\n\t<div id=\"col-41230292\" class=\"col medium-6 small-12 large-6\"  >\n\t\t\t\t<div class=\"col-inner\"  >\n\t\t\t\n\t\t\t\n\t<div class=\"img has-hover x md-x lg-x y md-y lg-y\" id=\"image_539704306\">\n\t\t\t\t\t\t\t\t<div class=\"img-inner dark\" >\n\t\t\t<img loading=\"lazy\" decoding=\"async\" width=\"1920\" height=\"1280\" src=\"https:\/\/artpointmimarlik.com\/wp-content\/uploads\/2023\/08\/ev-tadilat-ve-dekorasyon-1.jpg\" class=\"attachment-original size-original\" alt=\"\" srcset=\"https:\/\/artpointmimarlik.com\/wp-content\/uploads\/2023\/08\/ev-tadilat-ve-dekorasyon-1.jpg 1920w, https:\/\/artpointmimarlik.com\/wp-content\/uploads\/2023\/08\/ev-tadilat-ve-dekorasyon-1-300x200.jpg 300w, https:\/\/artpointmimarlik.com\/wp-content\/uploads\/2023\/08\/ev-tadilat-ve-dekorasyon-1-1024x683.jpg 1024w, https:\/\/artpointmimarlik.com\/wp-content\/uploads\/2023\/08\/ev-tadilat-ve-dekorasyon-1-768x512.jpg 768w, https:\/\/artpointmimarlik.com\/wp-content\/uploads\/2023\/08\/ev-tadilat-ve-dekorasyon-1-1536x1024.jpg 1536w\" sizes=\"auto, (max-width: 1920px) 100vw, 1920px\" \/>\t\t\t\t\t\t\n\t\t\t\t\t<\/div>\n\t\t\t\t\t\t\t\t\n<style>\n#image_539704306 {\n  width: 100%;\n}\n<\/style>\n\t<\/div>\n\t\n\t\t<\/div>\n\t\t\t\t\t<\/div>\n\n\t\n\n\t<div id=\"col-1775304825\" class=\"col medium-6 small-12 large-6\"  >\n\t\t\t\t<div class=\"col-inner\"  >\n\t\t\t\n\t\t\t\n<p><strong>3. Furniture Selection and Design:<\/strong> We guide you to make the best use of your existing furniture or add originality to your spaces with specially designed furniture. We make your living spaces more useful by combining functionality and aesthetics. <\/p>\n<p><strong>4. Color Consultancy:<\/strong> We know the effect of colors on the psychology of space.We create the atmosphere you want in your living spaces with the right color choices. We guide you on color palettes.  <\/p>\n<p><strong>5. Choosing Compatible Accessories:<\/strong> We complete the details with accessories that reflect the character of the venue.We choose paintings, sculptures, carpets and more to suit your space. <\/p>\n\t\t<\/div>\n\t\t\t\t\n<style>\n#col-1775304825 > .col-inner {\n  padding: 15px 15px 15px 15px;\n}\n<\/style>\n\t<\/div>\n\n\t\n<\/div>\n\t\t<\/div>\n\n\t\t\n<style>\n#section_1550418121 {\n  padding-top: 29px;\n  padding-bottom: 29px;\n}\n#section_1550418121 .section-bg.bg-loaded {\n  background-image: url(https:\/\/artpointmimarlik.com\/wp-content\/uploads\/2023\/08\/square-pattern.png);\n}\n@media (min-width:550px) {\n  #section_1550418121 {\n    padding-top: 30px;\n    padding-bottom: 30px;\n  }\n}\n<\/style>\n\t<\/section>\n\t\n\t<section class=\"section\" id=\"section_2048628706\">\n\t\t<div class=\"bg section-bg fill bg-fill bg-loaded bg-loaded\" >\n\n\t\t\t\n\t\t\t\n\t\t\t\n\n\t\t<\/div>\n\n\t\t\n\n\t\t<div class=\"section-content relative\">\n\t\t\t\n<div class=\"row row-collapse align-middle align-center\"  id=\"row-1215398167\">\n\n\t<div id=\"col-1874476692\" class=\"col medium-6 small-12 large-6\"  >\n\t\t\t\t<div class=\"col-inner\"  >\n\t\t\t\n\t\t\t\n<h3>Why Us?<\/h3>\n<ul>\n<li><strong>Creativity and Aesthetics:<\/strong> With our artistic perspective, we approach each project with a unique and aesthetic approach.<\/li>\n<li><strong>Expert Team:<\/strong> We work with experienced designers, architects and specialized craftsmen so that your projects are completed to the highest standards.<\/li>\n<li><strong>Personalized Approach:<\/strong> We take the time to understand your needs and style and offer customized solutions.<\/li>\n<li><strong>Quality and Assurance:<\/strong> We offer quality workmanship using the best materials and ensure that projects are completed on time.<\/li>\n<\/ul>\n\t\t<\/div>\n\t\t\t\t\n<style>\n#col-1874476692 > .col-inner {\n  padding: 15px 15px 15px 15px;\n}\n<\/style>\n\t<\/div>\n\n\t\n\n\t<div id=\"col-445054595\" class=\"col medium-6 small-12 large-6 small-col-first\"  >\n\t\t\t\t<div class=\"col-inner\"  >\n\t\t\t\n\t\t\t\n\t<div class=\"img has-hover x md-x lg-x y md-y lg-y\" id=\"image_105980392\">\n\t\t\t\t\t\t\t\t<div class=\"img-inner dark\" >\n\t\t\t<img loading=\"lazy\" decoding=\"async\" width=\"1920\" height=\"1280\" src=\"https:\/\/artpointmimarlik.com\/wp-content\/uploads\/2023\/08\/ev-tadilat-ve-dekrorasyon-neden-biz.jpg\" class=\"attachment-original size-original\" alt=\"Ev Tadilat\u0131 ve Dekorasyon\" srcset=\"https:\/\/artpointmimarlik.com\/wp-content\/uploads\/2023\/08\/ev-tadilat-ve-dekrorasyon-neden-biz.jpg 1920w, https:\/\/artpointmimarlik.com\/wp-content\/uploads\/2023\/08\/ev-tadilat-ve-dekrorasyon-neden-biz-300x200.jpg 300w, https:\/\/artpointmimarlik.com\/wp-content\/uploads\/2023\/08\/ev-tadilat-ve-dekrorasyon-neden-biz-1024x683.jpg 1024w, https:\/\/artpointmimarlik.com\/wp-content\/uploads\/2023\/08\/ev-tadilat-ve-dekrorasyon-neden-biz-768x512.jpg 768w, https:\/\/artpointmimarlik.com\/wp-content\/uploads\/2023\/08\/ev-tadilat-ve-dekrorasyon-neden-biz-1536x1024.jpg 1536w\" sizes=\"auto, (max-width: 1920px) 100vw, 1920px\" \/>\t\t\t\t\t\t\n\t\t\t\t\t<\/div>\n\t\t\t\t\t\t\t\t\n<style>\n#image_105980392 {\n  width: 100%;\n}\n<\/style>\n\t<\/div>\n\t\n\t\t<\/div>\n\t\t\t\t\t<\/div>\n\n\t\n<\/div>\n\t\t<\/div>\n\n\t\t\n<style>\n#section_2048628706 {\n  padding-top: 30px;\n  padding-bottom: 30px;\n}\n<\/style>\n\t<\/section>\n\t\n\t<section class=\"section\" id=\"section_850275825\">\n\t\t<div class=\"bg section-bg fill bg-fill bg-loaded \" >\n\n\t\t\t\n\t\t\t\n\t\t\t\n\n\t\t<\/div>\n\n\t\t\n\n\t\t<div class=\"section-content relative\">\n\t\t\t\n<div class=\"row row-collapse align-middle align-center\"  id=\"row-1887088573\">\n\n\t<div id=\"col-1278029778\" class=\"col medium-6 small-12 large-6\"  >\n\t\t\t\t<div class=\"col-inner\"  >\n\t\t\t\n\t\t\t\n\n  <div class=\"banner has-hover\" id=\"banner-1508296025\">\n          <div class=\"banner-inner fill\">\n        <div class=\"banner-bg fill\" >\n            <div class=\"bg fill bg-fill bg-loaded\"><\/div>\n                        <div class=\"overlay\"><\/div>            \n                    <\/div>\n\t\t\n        <div class=\"banner-layers container\">\n            <div class=\"fill banner-link\"><\/div>            \n   <div id=\"text-box-543254216\" class=\"text-box banner-layer x50 md-x50 lg-x50 y50 md-y50 lg-y50 res-text\">\n                                <div class=\"text-box-content text dark\">\n              \n              <div class=\"text-inner text-center\">\n                  \n\t<div id=\"text-2480356221\" class=\"text\">\n\t\t\n<h5><strong>You can count on us to make the living experience in your homes more special. You dream, we make it happen. <\/strong><\/h5>\n<h5><strong>Do not hesitate to contact us for detailed information. Let&#8217;s build your dream home together! <\/strong><\/h5>\n\t\t\n<style>\n#text-2480356221 {\n  font-size: 0.9rem;\n  color: rgb(255,255,255);\n}\n#text-2480356221 > * {\n  color: rgb(255,255,255);\n}\n@media (min-width:550px) {\n  #text-2480356221 {\n    font-size: 1.15rem;\n  }\n}\n<\/style>\n\t<\/div>\n\t\n              <\/div>\n           <\/div>\n                            \n<style>\n#text-box-543254216 {\n  width: 100%;\n}\n#text-box-543254216 .text-box-content {\n  font-size: 100%;\n}\n@media (min-width:550px) {\n  #text-box-543254216 {\n    width: 92%;\n  }\n}\n<\/style>\n    <\/div>\n \n        <\/div>\n      <\/div>\n\n            \n<style>\n#banner-1508296025 {\n  padding-top: 300px;\n}\n#banner-1508296025 .bg.bg-loaded {\n  background-image: url(https:\/\/artpointmimarlik.com\/wp-content\/uploads\/2023\/08\/ev-tadilat-ve-dekorsayon-hizmetleri.jpg);\n}\n#banner-1508296025 .overlay {\n  background-color: rgba(0,0,0,.5);\n}\n@media (min-width:550px) {\n  #banner-1508296025 {\n    padding-top: 500px;\n  }\n}\n<\/style>\n  <\/div>\n\n\n\t\t<\/div>\n\t\t\t\t\n<style>\n#col-1278029778 > .col-inner {\n  padding: 15px 15px 15px 15px;\n}\n<\/style>\n\t<\/div>\n\n\t\n\n\t<div id=\"col-1460489737\" class=\"col medium-6 small-12 large-6\"  >\n\t\t\t\t<div class=\"col-inner\"  >\n\t\t\t\n\t\t\t\n<div class=\"row row-collapse align-middle align-center\"  id=\"row-500301\">\n\n\t<div id=\"col-395468396\" class=\"col medium-6 small-12 large-6\"  >\n\t\t\t\t<div class=\"col-inner\"  >\n\t\t\t\n\t\t\t\n<a class=\"button success is-large lowercase expand\"  >\n  <i class=\"icon-whatsapp\" aria-hidden=\"true\" ><\/i>  <span>WhatsApp<\/span>\n  <\/a>\n\n\t\t<\/div>\n\t\t\t\t\n<style>\n#col-395468396 > .col-inner {\n  padding: 0px 15px 0px 15px;\n}\n<\/style>\n\t<\/div>\n\n\t\n\n\t<div id=\"col-590065765\" class=\"col medium-6 small-12 large-6\"  >\n\t\t\t\t<div class=\"col-inner\"  >\n\t\t\t\n\t\t\t\n<a class=\"button primary is-large lowercase expand\"  >\n  <i class=\"icon-phone\" aria-hidden=\"true\" ><\/i>  <span>Call Us Now<\/span>\n  <\/a>\n\n\t\t<\/div>\n\t\t\t\t\n<style>\n#col-590065765 > .col-inner {\n  padding: 0px 15px 0px 15px;\n}\n<\/style>\n\t<\/div>\n\n\t\n<\/div>\n\t<div id=\"text-742160453\" class=\"text\">\n\t\t\n<h3>Or fill in the form and we will call you.<\/h3>\n\t\t\n<style>\n#text-742160453 {\n  text-align: center;\n}\n<\/style>\n\t<\/div>\n\t\n\n<div class=\"wpcf7 no-js\" id=\"wpcf7-f182-o1\" lang=\"tr-TR\" dir=\"ltr\" data-wpcf7-id=\"182\">\n<div class=\"screen-reader-response\"><p role=\"status\" aria-live=\"polite\" aria-atomic=\"true\"><\/p> <ul><\/ul><\/div>\n<form action=\"\/en\/wp-json\/wp\/v2\/pages\/1389#wpcf7-f182-o1\" method=\"post\" class=\"wpcf7-form init\" aria-label=\"\u0130leti\u015fim Formu\" novalidate=\"novalidate\" data-status=\"init\">\n<fieldset class=\"hidden-fields-container\"><input type=\"hidden\" name=\"_wpcf7\" value=\"182\" \/><input type=\"hidden\" name=\"_wpcf7_version\" value=\"6.1\" \/><input type=\"hidden\" name=\"_wpcf7_locale\" value=\"tr_TR\" \/><input type=\"hidden\" name=\"_wpcf7_unit_tag\" value=\"wpcf7-f182-o1\" \/><input type=\"hidden\" name=\"_wpcf7_container_post\" value=\"0\" \/><input type=\"hidden\" name=\"_wpcf7_posted_data_hash\" value=\"\" \/>\n<\/fieldset>\n<div class=\"cform-iletisim\">\n\t<div class=\"iletisim-col\">\n\t\t<p><span class=\"wpcf7-form-control-wrap\" data-name=\"ad-soyad\"><input size=\"40\" maxlength=\"400\" class=\"wpcf7-form-control wpcf7-text wpcf7-validates-as-required\" aria-required=\"true\" aria-invalid=\"false\" placeholder=\"\u0130sim &amp; Soyisim..\" value=\"\" type=\"text\" name=\"ad-soyad\" \/><\/span>\n\t\t<\/p>\n\t<\/div>\n\t<div class=\"iletisim-col\">\n\t\t<p><span class=\"wpcf7-form-control-wrap\" data-name=\"eposta\"><input size=\"40\" maxlength=\"400\" class=\"wpcf7-form-control wpcf7-email wpcf7-validates-as-required wpcf7-text wpcf7-validates-as-email\" aria-required=\"true\" aria-invalid=\"false\" placeholder=\"E-Posta Adresiniz..\" value=\"\" type=\"email\" name=\"eposta\" \/><\/span>\n\t\t<\/p>\n\t<\/div>\n\t<div class=\"iletisim-col\">\n\t\t<p><span class=\"wpcf7-form-control-wrap\" data-name=\"telefon\"><input size=\"40\" maxlength=\"400\" class=\"wpcf7-form-control wpcf7-tel wpcf7-validates-as-required wpcf7-text wpcf7-validates-as-tel\" aria-required=\"true\" aria-invalid=\"false\" placeholder=\"Telefon Numaran\u0131z..\" value=\"\" type=\"tel\" name=\"telefon\" \/><\/span>\n\t\t<\/p>\n\t<\/div>\n\t<div class=\"iletisim-col\">\n\t\t<p><span class=\"wpcf7-form-control-wrap\" data-name=\"servis\"><input size=\"40\" maxlength=\"400\" class=\"wpcf7-form-control wpcf7-text wpcf7-validates-as-required\" aria-required=\"true\" aria-invalid=\"false\" placeholder=\"Hangi Hizmetimiz \u0130le \u0130lgileniyorsunuz?\" value=\"\" type=\"text\" name=\"servis\" \/><\/span>\n\t\t<\/p>\n\t<\/div>\n\t<div class=\"iletisim-col-large\">\n\t\t<p><span class=\"wpcf7-form-control-wrap\" data-name=\"mesaj\"><textarea cols=\"40\" rows=\"10\" maxlength=\"2000\" class=\"wpcf7-form-control wpcf7-textarea wpcf7-validates-as-required\" aria-required=\"true\" aria-invalid=\"false\" placeholder=\"Mesaj\u0131n\u0131z..\" name=\"mesaj\"><\/textarea><\/span>\n\t\t<\/p>\n\t<\/div>\n\t<div class=\"accept-ilt\">\n\t\t<p><span class=\"wpcf7-form-control-wrap\" data-name=\"kabul\"><span class=\"wpcf7-form-control wpcf7-acceptance\"><span class=\"wpcf7-list-item\"><label><input type=\"checkbox\" name=\"kabul\" value=\"1\" aria-invalid=\"false\" \/><span class=\"wpcf7-list-item-label\">Hizmet \u015fartlar\u0131na ba\u011fl\u0131y\u0131m <a href=\"\/kvkk\"><b>KVKK Politikas\u0131<\/b><\/a> kabul ediyorum<\/span><\/label><\/span><\/span><\/span>\n\t\t<\/p>\n\t<\/div>\n<div class=\"wpcf7-turnstile cf-turnstile\" data-sitekey=\"0x4AAAAAABjaSOX3MWYn7bJf\" data-response-field-name=\"_wpcf7_turnstile_response\"><\/div>\n\t<div class=\"send-btn-ilt\">\n\t\t<p><input class=\"wpcf7-form-control wpcf7-submit has-spinner\" type=\"submit\" value=\"G\u00f6nder\" \/>\n\t\t<\/p>\n\t<\/div>\n<\/div><div class=\"wpcf7-response-output\" aria-hidden=\"true\"><\/div>\n<\/form>\n<\/div>\n\n\t\t<\/div>\n\t\t\t\t\n<style>\n#col-1460489737 > .col-inner {\n  padding: 15px 15px 15px 15px;\n}\n<\/style>\n\t<\/div>\n\n\t\n<\/div>\n\t\t<\/div>\n\n\t\t\n<style>\n#section_850275825 {\n  padding-top: 30px;\n  padding-bottom: 30px;\n}\n#section_850275825 .section-bg.bg-loaded {\n  background-image: url(https:\/\/artpointmimarlik.com\/wp-content\/uploads\/2023\/08\/ArchImage2.jpeg);\n}\n<\/style>\n\t<\/section>\n\t\n","protected":false},"excerpt":{"rendered":"","protected":false},"author":1,"featured_media":0,"parent":0,"menu_order":0,"comment_status":"closed","ping_status":"closed","template":"page-blank.php","meta":{"footnotes":""},"class_list":["post-1389","page","type-page","status-publish","hentry"],"aioseo_notices":[],"_links":{"self":[{"href":"https:\/\/artpointmimarlik.com\/en\/wp-json\/wp\/v2\/pages\/1389","targetHints":{"allow":["GET"]}}],"collection":[{"href":"https:\/\/artpointmimarlik.com\/en\/wp-json\/wp\/v2\/pages"}],"about":[{"href":"https:\/\/artpointmimarlik.com\/en\/wp-json\/wp\/v2\/types\/page"}],"author":[{"embeddable":true,"href":"https:\/\/artpointmimarlik.com\/en\/wp-json\/wp\/v2\/users\/1"}],"replies":[{"embeddable":true,"href":"https:\/\/artpointmimarlik.com\/en\/wp-json\/wp\/v2\/comments?post=1389"}],"version-history":[{"count":2,"href":"https:\/\/artpointmimarlik.com\/en\/wp-json\/wp\/v2\/pages\/1389\/revisions"}],"predecessor-version":[{"id":1391,"href":"https:\/\/artpointmimarlik.com\/en\/wp-json\/wp\/v2\/pages\/1389\/revisions\/1391"}],"wp:attachment":[{"href":"https:\/\/artpointmimarlik.com\/en\/wp-json\/wp\/v2\/media?parent=1389"}],"curies":[{"name":"wp","href":"https:\/\/api.w.org\/{rel}","templated":true}]}}