{"id":1377,"date":"2023-08-24T19:33:28","date_gmt":"2023-08-24T19:33:28","guid":{"rendered":"https:\/\/artpointmimarlik.com\/%d8%a8%d9%86%d8%a7%d8%a1-%d9%81%d9%8a%d9%84%d8%a7\/"},"modified":"2023-09-12T11:10:10","modified_gmt":"2023-09-12T11:10:10","slug":"%d8%a8%d9%86%d8%a7%d8%a1-%d9%81%d9%8a%d9%84%d8%a7","status":"publish","type":"page","link":"https:\/\/artpointmimarlik.com\/ar\/%d8%a8%d9%86%d8%a7%d8%a1-%d9%81%d9%8a%d9%84%d8%a7\/","title":{"rendered":"\u0628\u0646\u0627\u0621 \u0641\u064a\u0644\u0627"},"content":{"rendered":"  <div id=\"page-header-787188128\" class=\"page-header-wrapper\">\n  <div class=\"page-title dark featured-title\">\n\n    \n    <div class=\"page-title-inner container align-center flex-row medium-flex-wrap\" >\n              <div class=\"title-wrapper flex-col text-left medium-text-center\">\n          <h1 class=\"entry-title mb-0\">\n            \u0628\u0646\u0627\u0621 \u0641\u064a\u0644\u0627          <\/h1>\n        <\/div>\n                    <div class=\"title-content flex-col flex-right text-right medium-text-center\">\n        <div class=\"title-breadcrumbs pb-half pt-half\"><\/div>      <\/div>\n    <\/div>\n\n       <\/div>\n    <\/div>\n  \n\t<section class=\"section\" id=\"section_1071111416\">\n\t\t<div class=\"bg section-bg fill bg-fill bg-loaded bg-loaded\" >\n\n\t\t\t\n\t\t\t\n\t\t\t\n\n\t\t<\/div>\n\n\t\t\n\n\t\t<div class=\"section-content relative\">\n\t\t\t\n<div class=\"row row-collapse align-middle align-center\"  id=\"row-650625956\">\n\n\t<div id=\"col-1629664450\" class=\"col medium-6 small-12 large-6\"  >\n\t\t\t\t<div class=\"col-inner\"  >\n\t\t\t\n\t\t\t\n\t<div id=\"text-3718523020\" class=\"text\">\n\t\t\n<p><strong>\u0628\u0635\u0641\u062a\u0646\u0627 Artpoint Architecture<\/strong> \u060c \u0646\u0628\u0646\u064a \u0641\u064a\u0644\u0627\u062a \u0641\u0627\u062e\u0631\u0629 \u062a\u0639\u0643\u0633 \u0623\u062d\u0644\u0627\u0645\u0643 \u0628\u0646\u0647\u062c \u062a\u0635\u0645\u064a\u0645 \u0623\u0635\u0644\u064a. \u0643\u0644 \u0645\u0634\u0631\u0648\u0639 \u064a\u0634\u0628\u0647 \u062a\u0634\u0643\u064a\u0644 \u0639\u0645\u0644 \u0641\u0646\u064a \u0644\u0646\u0627. \u0645\u0646 \u062e\u0644\u0627\u0644 \u0627\u0644\u062c\u0645\u0639 \u0628\u064a\u0646 \u0627\u0644\u0625\u0628\u062f\u0627\u0639 \u0648\u0627\u0644\u0648\u0638\u0627\u0626\u0641 \u0648\u0627\u0644\u062c\u0645\u0627\u0644\u064a\u0627\u062a \u0641\u064a \u0628\u0646\u0627\u0621 \u0627\u0644\u0641\u0644\u0644 \u060c \u0646\u062e\u0644\u0642 \u0645\u0633\u0627\u062d\u0627\u062a \u0645\u0639\u064a\u0634\u0629 \u062e\u0627\u0635\u0629 \u0644\u0643.<\/p>\n\t\t\n<style>\n#text-3718523020 {\n  text-align: left;\n}\n<\/style>\n\t<\/div>\n\t\n<h3>\u0641\u0644\u0633\u0641\u062a\u0646\u0627 \u0627\u0644\u0625\u0646\u0634\u0627\u0626\u064a\u0629<\/h3>\n<p><strong>\u0627\u0644\u0623\u0635\u0627\u0644\u0629 \u0648\u0627\u0644\u062a\u0635\u0645\u064a\u0645:<\/strong> \u0646\u062a\u0639\u0627\u0645\u0644 \u0645\u0639 \u0643\u0644 \u0645\u0634\u0631\u0648\u0639 \u0641\u064a\u0644\u0627 \u0643\u0639\u0645\u0644 \u0641\u0646\u064a. \u0646\u062e\u0644\u0642 \u0645\u0633\u0627\u062d\u0627\u062a\u0643 \u0645\u0646 \u062e\u0644\u0627\u0644 \u0627\u0644\u062c\u0645\u0639 \u0628\u064a\u0646 \u0627\u0644\u0641\u062e\u0627\u0645\u0629 \u0648\u0627\u0644\u0648\u0638\u0627\u0626\u0641 \u0645\u0639 \u062a\u0635\u0645\u064a\u0645\u0627\u062a \u062e\u0627\u0635\u0629 \u0644\u0643.<\/p>\n<p>\u0627\u0644\u062c\u0648\u062f\u0629 <strong>\u0648\u0627\u0644\u0645\u062a\u0627\u0646\u0629:<\/strong> \u0646\u0642\u0648\u0645 \u0628\u0625\u0646\u0634\u0627\u0621 \u0647\u064a\u0627\u0643\u0644 \u0637\u0648\u064a\u0644\u0629 \u0627\u0644\u0623\u0645\u062f \u0628\u0627\u0633\u062a\u062e\u062f\u0627\u0645 \u0645\u0648\u0627\u062f \u0639\u0627\u0644\u064a\u0629 \u0627\u0644\u062c\u0648\u062f\u0629 \u0641\u064a \u0645\u0634\u0627\u0631\u064a\u0639 \u0627\u0644\u0628\u0646\u0627\u0621 \u0644\u062f\u064a\u0646\u0627. \u0645\u0646 \u062e\u0644\u0627\u0644 \u0627\u0644\u062a\u0639\u0627\u0645\u0644 \u0628\u062f\u0642\u0629 \u0645\u0639 \u0643\u0644 \u0627\u0644\u062a\u0641\u0627\u0635\u064a\u0644 \u060c \u0646\u062d\u0642\u0642 \u0646\u062a\u0627\u0626\u062c \u0645\u0645\u062a\u0627\u0632\u0629.<\/p>\n<p><strong>\u062a\u062e\u0635\u0635 \u0627\u0644\u0639\u0645\u0627\u0631\u0629 \u0648\u0627\u0644\u0647\u0646\u062f\u0633\u0629:<\/strong> \u0645\u0646 \u062e\u0644\u0627\u0644 \u0627\u0644\u0639\u0645\u0644 \u0645\u0639 \u0627\u0644\u0645\u0647\u0646\u062f\u0633\u064a\u0646 \u0627\u0644\u0645\u0639\u0645\u0627\u0631\u064a\u064a\u0646 \u0648\u0627\u0644\u0645\u0647\u0646\u062f\u0633\u064a\u0646 \u0630\u0648\u064a \u0627\u0644\u062e\u0628\u0631\u0629 \u060c \u0646\u062c\u0645\u0639 \u0628\u064a\u0646 \u0627\u0644\u0643\u0641\u0627\u0621\u0629 \u0627\u0644\u062c\u0645\u0627\u0644\u064a\u0629 \u0648\u0627\u0644\u062a\u0642\u0646\u064a\u0629. \u0646\u062d\u0646 \u0646\u0635\u0645\u0645 \u0641\u064a\u0644\u0627\u062a \u0645\u0630\u0647\u0644\u0629 \u0628\u0635\u0631\u064a\u0627 \u0648\u0645\u0648\u062b\u0648\u0642\u0629 \u0645\u0646 \u0627\u0644\u0646\u0627\u062d\u064a\u0629 \u0627\u0644\u0647\u064a\u0643\u0644\u064a\u0629.<\/p>\n\t\t<\/div>\n\t\t\t\t\n<style>\n#col-1629664450 > .col-inner {\n  padding: 15px 15px 15px 15px;\n}\n<\/style>\n\t<\/div>\n\n\t\n\n\t<div id=\"col-827789854\" class=\"col medium-6 small-12 large-6 small-col-first\"  >\n\t\t\t\t<div class=\"col-inner\"  >\n\t\t\t\n\t\t\t\n\t<div class=\"img has-hover x md-x lg-x y md-y lg-y\" id=\"image_1750058891\">\n\t\t\t\t\t\t\t\t<div class=\"img-inner image-cover dark\" style=\"padding-top:75%;\">\n\t\t\t<img loading=\"lazy\" decoding=\"async\" width=\"1920\" height=\"1080\" src=\"https:\/\/artpointmimarlik.com\/wp-content\/uploads\/2023\/08\/villa-insaati-hizmeti-4.jpg\" class=\"attachment-original size-original\" alt=\"\" srcset=\"https:\/\/artpointmimarlik.com\/wp-content\/uploads\/2023\/08\/villa-insaati-hizmeti-4.jpg 1920w, https:\/\/artpointmimarlik.com\/wp-content\/uploads\/2023\/08\/villa-insaati-hizmeti-4-300x169.jpg 300w, https:\/\/artpointmimarlik.com\/wp-content\/uploads\/2023\/08\/villa-insaati-hizmeti-4-1024x576.jpg 1024w, https:\/\/artpointmimarlik.com\/wp-content\/uploads\/2023\/08\/villa-insaati-hizmeti-4-768x432.jpg 768w, https:\/\/artpointmimarlik.com\/wp-content\/uploads\/2023\/08\/villa-insaati-hizmeti-4-1536x864.jpg 1536w\" sizes=\"auto, (max-width: 1920px) 100vw, 1920px\" \/>\t\t\t\t\t\t\n\t\t\t\t\t<\/div>\n\t\t\t\t\t\t\t\t\n<style>\n#image_1750058891 {\n  width: 100%;\n}\n<\/style>\n\t<\/div>\n\t\n\t\t<\/div>\n\t\t\t\t\t<\/div>\n\n\t\n<\/div>\n\t\t<\/div>\n\n\t\t\n<style>\n#section_1071111416 {\n  padding-top: 0px;\n  padding-bottom: 0px;\n}\n@media (min-width:550px) {\n  #section_1071111416 {\n    padding-top: 30px;\n    padding-bottom: 30px;\n  }\n}\n<\/style>\n\t<\/section>\n\t\n\t<section class=\"section\" id=\"section_701376309\">\n\t\t<div class=\"bg section-bg fill bg-fill bg-loaded \" >\n\n\t\t\t\n\t\t\t\n\t\t\t\n\n\t\t<\/div>\n\n\t\t\n\n\t\t<div class=\"section-content relative\">\n\t\t\t\n<div class=\"row row-collapse align-middle align-center\"  id=\"row-1206062445\">\n\n\t<div id=\"col-1620020894\" class=\"col medium-6 small-12 large-6\"  >\n\t\t\t\t<div class=\"col-inner\"  >\n\t\t\t\n\t\t\t\n\t<div class=\"img has-hover x md-x lg-x y md-y lg-y\" id=\"image_393941709\">\n\t\t\t\t\t\t\t\t<div class=\"img-inner image-cover dark\" style=\"padding-top:75%;\">\n\t\t\t<img loading=\"lazy\" decoding=\"async\" width=\"1920\" height=\"1080\" src=\"https:\/\/artpointmimarlik.com\/wp-content\/uploads\/2023\/08\/villa-insaati-hizmeti-1.jpg\" class=\"attachment-original size-original\" alt=\"\" srcset=\"https:\/\/artpointmimarlik.com\/wp-content\/uploads\/2023\/08\/villa-insaati-hizmeti-1.jpg 1920w, https:\/\/artpointmimarlik.com\/wp-content\/uploads\/2023\/08\/villa-insaati-hizmeti-1-300x169.jpg 300w, https:\/\/artpointmimarlik.com\/wp-content\/uploads\/2023\/08\/villa-insaati-hizmeti-1-1024x576.jpg 1024w, https:\/\/artpointmimarlik.com\/wp-content\/uploads\/2023\/08\/villa-insaati-hizmeti-1-768x432.jpg 768w, https:\/\/artpointmimarlik.com\/wp-content\/uploads\/2023\/08\/villa-insaati-hizmeti-1-1536x864.jpg 1536w\" sizes=\"auto, (max-width: 1920px) 100vw, 1920px\" \/>\t\t\t\t\t\t\n\t\t\t\t\t<\/div>\n\t\t\t\t\t\t\t\t\n<style>\n#image_393941709 {\n  width: 100%;\n}\n<\/style>\n\t<\/div>\n\t\n\t\t<\/div>\n\t\t\t\t\t<\/div>\n\n\t\n\n\t<div id=\"col-1852081065\" class=\"col medium-6 small-12 large-6\"  >\n\t\t\t\t<div class=\"col-inner\"  >\n\t\t\t\n\t\t\t\n<h3>\u062e\u062f\u0645\u0627\u062a<\/h3>\n<p><strong>\u0628\u0646\u0627\u0621 \u0641\u064a\u0644\u0627 \u0641\u0627\u062e\u0631\u0629:<\/strong> \u0646\u062d\u0646 \u0647\u0646\u0627 \u0644\u0628\u0646\u0627\u0621 \u0641\u064a\u0644\u0627 \u0623\u062d\u0644\u0627\u0645\u0643 \u0627\u0644\u0641\u0627\u062e\u0631\u0629. \u0646\u062d\u0646 \u0646\u0642\u062f\u0645 \u0644\u0643 \u0641\u064a\u0644\u0627 \u062e\u0627\u0635\u0629 \u0628\u062a\u0635\u0645\u064a\u0645 \u0645\u0639\u0645\u0627\u0631\u064a \u0623\u0635\u0644\u064a \u0648\u0623\u062d\u062f\u062b \u062a\u0642\u0646\u064a\u0627\u062a \u0627\u0644\u0628\u0646\u0627\u0621.<\/p>\n<p><strong>\u062a\u0637\u0648\u064a\u0631 \u0627\u0644\u0645\u0634\u0627\u0631\u064a\u0639 \u0648\u0627\u0644\u0627\u0633\u062a\u0634\u0627\u0631\u0627\u062a:<\/strong> \u0646\u062d\u0646 \u0646\u0631\u0634\u062f\u0643 \u062e\u0644\u0627\u0644 \u0645\u0631\u062d\u0644\u0629 \u0627\u0644\u062a\u062e\u0637\u064a\u0637 \u0644\u0645\u0634\u0631\u0648\u0639 \u0627\u0644\u0641\u064a\u0644\u0627 \u0627\u0644\u062e\u0627\u0635 \u0628\u0643 \u0645\u0646 \u0627\u0644\u0628\u062f\u0627\u064a\u0629 \u0625\u0644\u0649 \u0627\u0644\u0646\u0647\u0627\u064a\u0629. \u0646\u062d\u0646 \u0646\u0642\u062f\u0645 \u0623\u0641\u0636\u0644 \u0627\u0644\u062d\u0644\u0648\u0644 \u0645\u0639 \u0645\u0631\u0627\u0639\u0627\u0629 \u0627\u062d\u062a\u064a\u0627\u062c\u0627\u062a \u0627\u0644\u0645\u0633\u0627\u062d\u0629 \u0648\u0627\u0644\u0623\u0633\u0644\u0648\u0628 \u0648\u0627\u0644\u0645\u064a\u0632\u0627\u0646\u064a\u0629.<\/p>\n<p><strong>\u0627\u0644\u062a\u0635\u0645\u064a\u0645 \u0648\u0627\u0644\u062a\u0646\u0641\u064a\u0630:<\/strong> \u0646\u062d\u0646 \u0646\u062a\u062e\u0630 \u062c\u0645\u064a\u0639 \u0627\u0644\u062e\u0637\u0648\u0627\u062a \u0627\u0644\u0644\u0627\u0632\u0645\u0629 \u0644\u062c\u0639\u0644 \u062a\u0635\u0645\u064a\u0645 \u0627\u0644\u0641\u064a\u0644\u0627 \u0627\u0644\u062e\u0627\u0635\u0629 \u0628\u0643 \u062d\u0642\u064a\u0642\u0629 \u0648\u0627\u0642\u0639\u0629. \u0646\u062d\u0646 \u0646\u0639\u0645\u0644 \u0628\u062f\u0642\u0629 \u0639\u0644\u0649 \u0642\u0636\u0627\u064a\u0627 \u0627\u0644\u062c\u0648\u062f\u0629 \u0648\u0627\u0644\u0627\u0645\u062a\u062b\u0627\u0644 \u062f\u0648\u0646 \u062a\u0631\u0643 \u0627\u0644\u0633\u064a\u0637\u0631\u0629 \u0641\u064a \u0643\u0644 \u0645\u0631\u062d\u0644\u0629 \u0645\u0646 \u0645\u0631\u0627\u062d\u0644 \u0627\u0644\u0628\u0646\u0627\u0621.<\/p>\n<p><strong>\u0627\u0644\u062a\u0631\u0645\u064a\u0645 \u0648\u0625\u0639\u0627\u062f\u0629 \u0627\u0644\u062a\u0642\u064a\u064a\u0645:<\/strong> \u0633\u0648\u0627\u0621 \u0643\u0646\u062a \u062a\u0631\u063a\u0628 \u0641\u064a \u062a\u0631\u0645\u064a\u0645 \u0623\u0648 \u0625\u0639\u0627\u062f\u0629 \u062a\u0642\u064a\u064a\u0645 \u0641\u064a\u0644\u0627 \u0645\u0648\u062c\u0648\u062f\u0629 \u060c \u0641\u0646\u062d\u0646 \u0646\u0633\u0627\u0639\u062f\u0643 \u0628\u062e\u0628\u0631\u0629. \u0646\u062c\u0639\u0644 \u0627\u0644\u0645\u0628\u0627\u0646\u064a \u0627\u0644\u0642\u062f\u064a\u0645\u0629 \u062a\u0646\u0627\u0633\u0628 \u0646\u0645\u0637 \u062d\u064a\u0627\u062a\u0643 \u0627\u0644\u062d\u062f\u064a\u062b.<\/p>\n\t\t<\/div>\n\t\t\t\t\n<style>\n#col-1852081065 > .col-inner {\n  padding: 15px 15px 15px 15px;\n}\n<\/style>\n\t<\/div>\n\n\t\n<\/div>\n\t\t<\/div>\n\n\t\t\n<style>\n#section_701376309 {\n  padding-top: 29px;\n  padding-bottom: 29px;\n}\n#section_701376309 .section-bg.bg-loaded {\n  background-image: url(https:\/\/artpointmimarlik.com\/wp-content\/uploads\/2023\/08\/square-pattern.png);\n}\n@media (min-width:550px) {\n  #section_701376309 {\n    padding-top: 30px;\n    padding-bottom: 30px;\n  }\n}\n<\/style>\n\t<\/section>\n\t\n\t<section class=\"section\" id=\"section_8740350\">\n\t\t<div class=\"bg section-bg fill bg-fill bg-loaded bg-loaded\" >\n\n\t\t\t\n\t\t\t\n\t\t\t\n\n\t\t<\/div>\n\n\t\t\n\n\t\t<div class=\"section-content relative\">\n\t\t\t\n<div class=\"row row-collapse align-middle align-center\"  id=\"row-1010938524\">\n\n\t<div id=\"col-2113590018\" class=\"col medium-6 small-12 large-6\"  >\n\t\t\t\t<div class=\"col-inner\"  >\n\t\t\t\n\t\t\t\n\t<div id=\"text-3991767974\" class=\"text\">\n\t\t\n<h3>\u0644\u0645\u0627\u0630\u0627 \u0622\u0631\u062a \u0628\u0648\u064a\u0646\u062a \u0644\u0644\u0647\u0646\u062f\u0633\u0629 \u0627\u0644\u0645\u0639\u0645\u0627\u0631\u064a\u0629\u061f<\/h3>\n<ul>\n<li><strong>\u0627\u0644\u062a\u0635\u0645\u064a\u0645 \u0648\u0627\u0644\u0642\u062f\u0631\u0629 \u0627\u0644\u062a\u0642\u0646\u064a\u0629:<\/strong> \u0646\u062d\u0646 \u0646\u0634\u0643\u0644 \u0645\u0634\u0627\u0631\u064a\u0639\u0643 \u0645\u0646 \u062e\u0644\u0627\u0644 \u0627\u0644\u062c\u0645\u0639 \u0628\u064a\u0646 \u062e\u0628\u0631\u062a\u0646\u0627 \u0641\u064a \u0639\u0644\u0645 \u0627\u0644\u062c\u0645\u0627\u0644 \u0648\u0627\u0644\u0647\u0646\u062f\u0633\u0629.<\/li>\n<li><strong>\u0627\u0644\u062a\u062e\u0635\u064a\u0635:<\/strong> \u0646\u0642\u0648\u0645 \u0628\u062a\u062e\u0635\u064a\u0635 \u0645\u0633\u0627\u062d\u0627\u062a \u0627\u0644\u0645\u0639\u064a\u0634\u0629 \u0627\u0644\u062e\u0627\u0635\u0629 \u0628\u0643 \u0628\u062a\u0635\u0645\u064a\u0645\u0627\u062a \u062e\u0627\u0635\u0629 \u0644\u0643.<\/li>\n<li><strong>\u0627\u0644\u062c\u0648\u062f\u0629 \u0648\u0627\u0644\u0636\u0645\u0627\u0646:<\/strong> \u0646\u062d\u0646 \u0646\u0628\u0646\u064a \u0641\u064a\u0644\u0627\u062a \u0645\u062a\u064a\u0646\u0629 \u0648\u062c\u0645\u0627\u0644\u064a\u0629 \u0628\u0627\u0633\u062a\u062e\u062f\u0627\u0645 \u0645\u0648\u0627\u062f \u0639\u0627\u0644\u064a\u0629 \u0627\u0644\u062c\u0648\u062f\u0629.<\/li>\n<li><strong>\u062a\u062c\u0631\u0628\u0629:<\/strong> \u062a\u0633\u0627\u0639\u062f\u0646\u0627 \u062e\u0628\u0631\u062a\u0646\u0627 \u0641\u064a \u0628\u0646\u0627\u0621 \u0627\u0644\u0641\u0644\u0644 \u0639\u0644\u0649 \u0625\u0643\u0645\u0627\u0644 \u0645\u0634\u0627\u0631\u064a\u0639\u0643 \u0628\u0646\u062c\u0627\u062d.<\/li>\n<\/ul>\n\t\t\n<style>\n#text-3991767974 {\n  text-align: left;\n}\n<\/style>\n\t<\/div>\n\t\n\t\t<\/div>\n\t\t\t\t\n<style>\n#col-2113590018 > .col-inner {\n  padding: 15px 15px 15px 15px;\n}\n<\/style>\n\t<\/div>\n\n\t\n\n\t<div id=\"col-1666512626\" class=\"col medium-6 small-12 large-6 small-col-first\"  >\n\t\t\t\t<div class=\"col-inner\"  >\n\t\t\t\n\t\t\t\n\t<div class=\"img has-hover x md-x lg-x y md-y lg-y\" id=\"image_1686215953\">\n\t\t\t\t\t\t\t\t<div class=\"img-inner image-cover dark\" style=\"padding-top:75%;\">\n\t\t\t<img loading=\"lazy\" decoding=\"async\" width=\"1920\" height=\"1080\" src=\"https:\/\/artpointmimarlik.com\/wp-content\/uploads\/2023\/08\/villa-insaati-hizmeti-2.jpg\" class=\"attachment-original size-original\" alt=\"\" srcset=\"https:\/\/artpointmimarlik.com\/wp-content\/uploads\/2023\/08\/villa-insaati-hizmeti-2.jpg 1920w, https:\/\/artpointmimarlik.com\/wp-content\/uploads\/2023\/08\/villa-insaati-hizmeti-2-300x169.jpg 300w, https:\/\/artpointmimarlik.com\/wp-content\/uploads\/2023\/08\/villa-insaati-hizmeti-2-1024x576.jpg 1024w, https:\/\/artpointmimarlik.com\/wp-content\/uploads\/2023\/08\/villa-insaati-hizmeti-2-768x432.jpg 768w, https:\/\/artpointmimarlik.com\/wp-content\/uploads\/2023\/08\/villa-insaati-hizmeti-2-1536x864.jpg 1536w\" sizes=\"auto, (max-width: 1920px) 100vw, 1920px\" \/>\t\t\t\t\t\t\n\t\t\t\t\t<\/div>\n\t\t\t\t\t\t\t\t\n<style>\n#image_1686215953 {\n  width: 100%;\n}\n<\/style>\n\t<\/div>\n\t\n\t\t<\/div>\n\t\t\t\t\t<\/div>\n\n\t\n<\/div>\n\t\t<\/div>\n\n\t\t\n<style>\n#section_8740350 {\n  padding-top: 30px;\n  padding-bottom: 30px;\n}\n<\/style>\n\t<\/section>\n\t\n\t<section class=\"section\" id=\"section_318033919\">\n\t\t<div class=\"bg section-bg fill bg-fill bg-loaded \" >\n\n\t\t\t\n\t\t\t\n\t\t\t\n\n\t\t<\/div>\n\n\t\t\n\n\t\t<div class=\"section-content relative\">\n\t\t\t\n<div class=\"row row-collapse align-middle align-center\"  id=\"row-509833757\">\n\n\t<div id=\"col-591529658\" class=\"col medium-6 small-12 large-6\"  >\n\t\t\t\t<div class=\"col-inner\"  >\n\t\t\t\n\t\t\t\n\n  <div class=\"banner has-hover\" id=\"banner-1056457034\">\n          <div class=\"banner-inner fill\">\n        <div class=\"banner-bg fill\" >\n            <div class=\"bg fill bg-fill bg-loaded\"><\/div>\n                        <div class=\"overlay\"><\/div>            \n                    <\/div>\n\t\t\n        <div class=\"banner-layers container\">\n            <div class=\"fill banner-link\"><\/div>            \n   <div id=\"text-box-540195704\" class=\"text-box banner-layer x50 md-x50 lg-x50 y50 md-y50 lg-y50 res-text\">\n                                <div class=\"text-box-content text dark\">\n              \n              <div class=\"text-inner text-center\">\n                  \n\t<div id=\"text-1484324851\" class=\"text\">\n\t\t\n<h5><strong>\u064a\u0645\u0643\u0646\u0643 \u0627\u0644\u0627\u0639\u062a\u0645\u0627\u062f \u0639\u0644\u064a\u0646\u0627 \u0644\u062c\u0639\u0644 \u062a\u062c\u0631\u0628\u0629 \u0627\u0644\u0645\u0639\u064a\u0634\u0629 \u0641\u064a \u0645\u0646\u0632\u0644\u0643 \u0623\u0643\u062b\u0631 \u062e\u0635\u0648\u0635\u064a\u0629. \u0623\u0646\u062a \u062a\u062a\u062e\u064a\u0644 \u060c \u0646\u062d\u0646 \u0646\u062d\u0642\u0642 \u0630\u0644\u0643.<\/strong><\/h5>\n<h5><strong>\u0644\u0627 \u062a\u062a\u0631\u062f\u062f\u0648\u0627 \u0641\u064a \u0627\u0644\u0627\u062a\u0635\u0627\u0644 \u0628\u0646\u0627 \u0644\u0644\u062d\u0635\u0648\u0644 \u0639\u0644\u0649 \u0645\u0639\u0644\u0648\u0645\u0627\u062a \u0645\u0641\u0635\u0644\u0629. \u062f\u0639\u0648\u0646\u0627 \u0646\u0628\u0646\u064a \u0627\u0644\u0645\u0646\u0632\u0644 \u0627\u0644\u0630\u064a \u062a\u062d\u0644\u0645 \u0628\u0647 \u0645\u0639\u0627!<\/strong><\/h5>\n\t\t\n<style>\n#text-1484324851 {\n  font-size: 0.9rem;\n  color: rgb(255,255,255);\n}\n#text-1484324851 > * {\n  color: rgb(255,255,255);\n}\n@media (min-width:550px) {\n  #text-1484324851 {\n    font-size: 1.15rem;\n  }\n}\n<\/style>\n\t<\/div>\n\t\n              <\/div>\n           <\/div>\n                            \n<style>\n#text-box-540195704 {\n  width: 100%;\n}\n#text-box-540195704 .text-box-content {\n  font-size: 100%;\n}\n@media (min-width:550px) {\n  #text-box-540195704 {\n    width: 92%;\n  }\n}\n<\/style>\n    <\/div>\n \n        <\/div>\n      <\/div>\n\n            \n<style>\n#banner-1056457034 {\n  padding-top: 300px;\n}\n#banner-1056457034 .bg.bg-loaded {\n  background-image: url(https:\/\/artpointmimarlik.com\/wp-content\/uploads\/2023\/08\/ev-tadilat-ve-dekorsayon-hizmetleri.jpg);\n}\n#banner-1056457034 .overlay {\n  background-color: rgba(0,0,0,.5);\n}\n@media (min-width:550px) {\n  #banner-1056457034 {\n    padding-top: 500px;\n  }\n}\n<\/style>\n  <\/div>\n\n\n\t\t<\/div>\n\t\t\t\t\n<style>\n#col-591529658 > .col-inner {\n  padding: 15px 15px 15px 15px;\n}\n<\/style>\n\t<\/div>\n\n\t\n\n\t<div id=\"col-1416195771\" class=\"col medium-6 small-12 large-6\"  >\n\t\t\t\t<div class=\"col-inner\"  >\n\t\t\t\n\t\t\t\n<div class=\"row row-collapse align-middle align-center\"  id=\"row-1426086377\">\n\n\t<div id=\"col-60845339\" class=\"col medium-6 small-12 large-6\"  >\n\t\t\t\t<div class=\"col-inner\"  >\n\t\t\t\n\t\t\t\n<a class=\"button success is-large lowercase expand\"  >\n  <i class=\"icon-whatsapp\" aria-hidden=\"true\" ><\/i>  <span>\u0648\u0627\u062a\u0633 \u0627\u0628<\/span>\n  <\/a>\n\n\t\t<\/div>\n\t\t\t\t\n<style>\n#col-60845339 > .col-inner {\n  padding: 0px 15px 0px 15px;\n}\n<\/style>\n\t<\/div>\n\n\t\n\n\t<div id=\"col-796955961\" class=\"col medium-6 small-12 large-6\"  >\n\t\t\t\t<div class=\"col-inner\"  >\n\t\t\t\n\t\t\t\n<a class=\"button primary is-large lowercase expand\"  >\n  <i class=\"icon-phone\" aria-hidden=\"true\" ><\/i>  <span>\u0627\u062a\u0635\u0644 \u0628\u0646\u0627 \u0627\u0644\u0622\u0646<\/span>\n  <\/a>\n\n\t\t<\/div>\n\t\t\t\t\n<style>\n#col-796955961 > .col-inner {\n  padding: 0px 15px 0px 15px;\n}\n<\/style>\n\t<\/div>\n\n\t\n<\/div>\n\t<div id=\"text-2514492051\" class=\"text\">\n\t\t\n<h3>\u0623\u0648 \u0627\u0645\u0644\u0623 \u0627\u0644\u0646\u0645\u0648\u0630\u062c \u0648\u0633\u0646\u062a\u0635\u0644 \u0628\u0643.<\/h3>\n\t\t\n<style>\n#text-2514492051 {\n  text-align: center;\n}\n<\/style>\n\t<\/div>\n\t\n\n<div class=\"wpcf7 no-js\" id=\"wpcf7-f182-o1\" lang=\"tr-TR\" dir=\"ltr\" data-wpcf7-id=\"182\">\n<div class=\"screen-reader-response\"><p role=\"status\" aria-live=\"polite\" aria-atomic=\"true\"><\/p> <ul><\/ul><\/div>\n<form action=\"\/ar\/wp-json\/wp\/v2\/pages\/1377#wpcf7-f182-o1\" method=\"post\" class=\"wpcf7-form init\" aria-label=\"\u0130leti\u015fim Formu\" novalidate=\"novalidate\" data-status=\"init\">\n<fieldset class=\"hidden-fields-container\"><input type=\"hidden\" name=\"_wpcf7\" value=\"182\" \/><input type=\"hidden\" name=\"_wpcf7_version\" value=\"6.1\" \/><input type=\"hidden\" name=\"_wpcf7_locale\" value=\"tr_TR\" \/><input type=\"hidden\" name=\"_wpcf7_unit_tag\" value=\"wpcf7-f182-o1\" \/><input type=\"hidden\" name=\"_wpcf7_container_post\" value=\"0\" \/><input type=\"hidden\" name=\"_wpcf7_posted_data_hash\" value=\"\" \/>\n<\/fieldset>\n<div class=\"cform-iletisim\">\n\t<div class=\"iletisim-col\">\n\t\t<p><span class=\"wpcf7-form-control-wrap\" data-name=\"ad-soyad\"><input size=\"40\" maxlength=\"400\" class=\"wpcf7-form-control wpcf7-text wpcf7-validates-as-required\" aria-required=\"true\" aria-invalid=\"false\" placeholder=\"\u0130sim &amp; Soyisim..\" value=\"\" type=\"text\" name=\"ad-soyad\" \/><\/span>\n\t\t<\/p>\n\t<\/div>\n\t<div class=\"iletisim-col\">\n\t\t<p><span class=\"wpcf7-form-control-wrap\" data-name=\"eposta\"><input size=\"40\" maxlength=\"400\" class=\"wpcf7-form-control wpcf7-email wpcf7-validates-as-required wpcf7-text wpcf7-validates-as-email\" aria-required=\"true\" aria-invalid=\"false\" placeholder=\"E-Posta Adresiniz..\" value=\"\" type=\"email\" name=\"eposta\" \/><\/span>\n\t\t<\/p>\n\t<\/div>\n\t<div class=\"iletisim-col\">\n\t\t<p><span class=\"wpcf7-form-control-wrap\" data-name=\"telefon\"><input size=\"40\" maxlength=\"400\" class=\"wpcf7-form-control wpcf7-tel wpcf7-validates-as-required wpcf7-text wpcf7-validates-as-tel\" aria-required=\"true\" aria-invalid=\"false\" placeholder=\"Telefon Numaran\u0131z..\" value=\"\" type=\"tel\" name=\"telefon\" \/><\/span>\n\t\t<\/p>\n\t<\/div>\n\t<div class=\"iletisim-col\">\n\t\t<p><span class=\"wpcf7-form-control-wrap\" data-name=\"servis\"><input size=\"40\" maxlength=\"400\" class=\"wpcf7-form-control wpcf7-text wpcf7-validates-as-required\" aria-required=\"true\" aria-invalid=\"false\" placeholder=\"Hangi Hizmetimiz \u0130le \u0130lgileniyorsunuz?\" value=\"\" type=\"text\" name=\"servis\" \/><\/span>\n\t\t<\/p>\n\t<\/div>\n\t<div class=\"iletisim-col-large\">\n\t\t<p><span class=\"wpcf7-form-control-wrap\" data-name=\"mesaj\"><textarea cols=\"40\" rows=\"10\" maxlength=\"2000\" class=\"wpcf7-form-control wpcf7-textarea wpcf7-validates-as-required\" aria-required=\"true\" aria-invalid=\"false\" placeholder=\"Mesaj\u0131n\u0131z..\" name=\"mesaj\"><\/textarea><\/span>\n\t\t<\/p>\n\t<\/div>\n\t<div class=\"accept-ilt\">\n\t\t<p><span class=\"wpcf7-form-control-wrap\" data-name=\"kabul\"><span class=\"wpcf7-form-control wpcf7-acceptance\"><span class=\"wpcf7-list-item\"><label><input type=\"checkbox\" name=\"kabul\" value=\"1\" aria-invalid=\"false\" \/><span class=\"wpcf7-list-item-label\">Hizmet \u015fartlar\u0131na ba\u011fl\u0131y\u0131m <a href=\"\/kvkk\"><b>KVKK Politikas\u0131<\/b><\/a> kabul ediyorum<\/span><\/label><\/span><\/span><\/span>\n\t\t<\/p>\n\t<\/div>\n<div class=\"wpcf7-turnstile cf-turnstile\" data-sitekey=\"0x4AAAAAABjaSOX3MWYn7bJf\" data-response-field-name=\"_wpcf7_turnstile_response\"><\/div>\n\t<div class=\"send-btn-ilt\">\n\t\t<p><input class=\"wpcf7-form-control wpcf7-submit has-spinner\" type=\"submit\" value=\"G\u00f6nder\" \/>\n\t\t<\/p>\n\t<\/div>\n<\/div><div class=\"wpcf7-response-output\" aria-hidden=\"true\"><\/div>\n<\/form>\n<\/div>\n\n\t\t<\/div>\n\t\t\t\t\n<style>\n#col-1416195771 > .col-inner {\n  padding: 15px 15px 15px 15px;\n}\n<\/style>\n\t<\/div>\n\n\t\n<\/div>\n\t\t<\/div>\n\n\t\t\n<style>\n#section_318033919 {\n  padding-top: 30px;\n  padding-bottom: 30px;\n}\n#section_318033919 .section-bg.bg-loaded {\n  background-image: url(https:\/\/artpointmimarlik.com\/wp-content\/uploads\/2023\/08\/ArchImage2.jpeg);\n}\n<\/style>\n\t<\/section>\n\t\n","protected":false},"excerpt":{"rendered":"","protected":false},"author":1,"featured_media":0,"parent":0,"menu_order":0,"comment_status":"closed","ping_status":"closed","template":"page-blank.php","meta":{"footnotes":""},"class_list":["post-1377","page","type-page","status-publish","hentry"],"aioseo_notices":[],"_links":{"self":[{"href":"https:\/\/artpointmimarlik.com\/ar\/wp-json\/wp\/v2\/pages\/1377","targetHints":{"allow":["GET"]}}],"collection":[{"href":"https:\/\/artpointmimarlik.com\/ar\/wp-json\/wp\/v2\/pages"}],"about":[{"href":"https:\/\/artpointmimarlik.com\/ar\/wp-json\/wp\/v2\/types\/page"}],"author":[{"embeddable":true,"href":"https:\/\/artpointmimarlik.com\/ar\/wp-json\/wp\/v2\/users\/1"}],"replies":[{"embeddable":true,"href":"https:\/\/artpointmimarlik.com\/ar\/wp-json\/wp\/v2\/comments?post=1377"}],"version-history":[{"count":2,"href":"https:\/\/artpointmimarlik.com\/ar\/wp-json\/wp\/v2\/pages\/1377\/revisions"}],"predecessor-version":[{"id":1379,"href":"https:\/\/artpointmimarlik.com\/ar\/wp-json\/wp\/v2\/pages\/1377\/revisions\/1379"}],"wp:attachment":[{"href":"https:\/\/artpointmimarlik.com\/ar\/wp-json\/wp\/v2\/media?parent=1377"}],"curies":[{"name":"wp","href":"https:\/\/api.w.org\/{rel}","templated":true}]}}