{"id":1368,"date":"2023-08-24T19:35:28","date_gmt":"2023-08-24T19:35:28","guid":{"rendered":"https:\/\/artpointmimarlik.com\/%d8%a7%d9%84%d9%85%d9%83%d8%aa%d8%a8-%d9%88%d8%a7%d9%84%d8%af%d9%8a%d9%83%d9%88%d8%b1-%d8%a7%d9%84%d9%85%d9%83%d8%aa%d8%a8%d9%8a\/"},"modified":"2023-09-12T11:10:07","modified_gmt":"2023-09-12T11:10:07","slug":"%d8%a7%d9%84%d9%85%d9%83%d8%aa%d8%a8-%d9%88%d8%a7%d9%84%d8%af%d9%8a%d9%83%d9%88%d8%b1-%d8%a7%d9%84%d9%85%d9%83%d8%aa%d8%a8%d9%8a","status":"publish","type":"page","link":"https:\/\/artpointmimarlik.com\/ar\/%d8%a7%d9%84%d9%85%d9%83%d8%aa%d8%a8-%d9%88%d8%a7%d9%84%d8%af%d9%8a%d9%83%d9%88%d8%b1-%d8%a7%d9%84%d9%85%d9%83%d8%aa%d8%a8%d9%8a\/","title":{"rendered":"\u0627\u0644\u0645\u0643\u062a\u0628 \u0648\u0627\u0644\u062f\u064a\u0643\u0648\u0631 \u0627\u0644\u0645\u0643\u062a\u0628\u064a"},"content":{"rendered":"  <div id=\"page-header-674490455\" class=\"page-header-wrapper\">\n  <div class=\"page-title dark featured-title\">\n\n    \n    <div class=\"page-title-inner container align-center flex-row medium-flex-wrap\" >\n              <div class=\"title-wrapper flex-col text-left medium-text-center\">\n          <h1 class=\"entry-title mb-0\">\n            \u0627\u0644\u0645\u0643\u062a\u0628 \u0648\u0627\u0644\u062f\u064a\u0643\u0648\u0631 \u0627\u0644\u0645\u0643\u062a\u0628\u064a          <\/h1>\n        <\/div>\n                    <div class=\"title-content flex-col flex-right text-right medium-text-center\">\n        <div class=\"title-breadcrumbs pb-half pt-half\"><\/div>      <\/div>\n    <\/div>\n\n       <\/div>\n    <\/div>\n  \n\t<section class=\"section\" id=\"section_2085748935\">\n\t\t<div class=\"bg section-bg fill bg-fill bg-loaded bg-loaded\" >\n\n\t\t\t\n\t\t\t\n\t\t\t\n\n\t\t<\/div>\n\n\t\t\n\n\t\t<div class=\"section-content relative\">\n\t\t\t\n<div class=\"row row-collapse align-middle align-center\"  id=\"row-34334167\">\n\n\t<div id=\"col-2094520166\" class=\"col medium-6 small-12 large-6\"  >\n\t\t\t\t<div class=\"col-inner\"  >\n\t\t\t\n\t\t\t\n\t<div id=\"text-2321447562\" class=\"text\">\n\t\t\n<p><strong>\u0628\u0635\u0641\u062a\u0646\u0627 Artpoint Architecture<\/strong> \u060c \u0646\u0635\u0645\u0645 \u0623\u0645\u0627\u0643\u0646 \u0639\u0645\u0644\u0643 \u0628\u0623\u0641\u0636\u0644 \u0637\u0631\u064a\u0642\u0629 \u0645\u0646 \u062d\u064a\u062b \u0627\u0644\u0648\u0638\u0627\u0626\u0641 \u0648\u0627\u0644\u0625\u0646\u062a\u0627\u062c\u064a\u0629 \u0648\u0627\u0644\u062c\u0645\u0627\u0644\u064a\u0627\u062a \u060c \u0645\u0645\u0627 \u064a\u062c\u0639\u0644 \u0645\u0633\u0627\u062d\u0627\u062a\u0643 \u0623\u0643\u062b\u0631 \u062e\u0635\u0648\u0635\u064a\u0629 \u0644\u0643\u0644 \u0645\u0646 \u0645\u0648\u0638\u0641\u064a\u0643 \u0648\u0632\u0648\u0627\u0631\u0643. \u064a\u062c\u0628 \u0623\u0646 \u064a\u0639\u0643\u0633 \u062a\u0635\u0645\u064a\u0645 \u0645\u0643\u0627\u0646 \u0639\u0645\u0644\u0643 \u0644\u064a\u0633 \u0641\u0642\u0637 \u0645\u0633\u0627\u062d\u0629 \u0648\u0644\u0643\u0646 \u0623\u064a\u0636\u0627 \u062b\u0642\u0627\u0641\u0629 \u0627\u0644\u0639\u0645\u0644. \u0644\u0647\u0630\u0627 \u0627\u0644\u0633\u0628\u0628 \u060c \u0646\u0642\u062f\u0645 \u0644\u0643 \u062d\u0644\u0648\u0644\u0627 \u0623\u0635\u0644\u064a\u0629 \u0648\u0645\u062b\u064a\u0631\u0629 \u0644\u0644\u0625\u0639\u062c\u0627\u0628 \u0644\u062a\u0632\u064a\u064a\u0646 \u0645\u0643\u0627\u0646 \u0627\u0644\u0639\u0645\u0644 \u0648\u0627\u0644\u0645\u0643\u0627\u062a\u0628.<\/p>\n\t\t\n<style>\n#text-2321447562 {\n  text-align: left;\n}\n<\/style>\n\t<\/div>\n\t\n<h3>\u0646\u0647\u062c \u0627\u0644\u062a\u0635\u0645\u064a\u0645 \u0644\u062f\u064a\u0646\u0627<\/h3>\n<p><strong>\u0627\u0644\u0625\u0646\u062a\u0627\u062c\u064a\u0629 \u0648\u0627\u0644\u0648\u0638\u0627\u0626\u0641:<\/strong> \u064a\u0632\u064a\u062f \u0627\u0644\u062a\u0635\u0645\u064a\u0645 \u0627\u0644\u062c\u064a\u062f \u0644\u0645\u0643\u0627\u0646 \u0627\u0644\u0639\u0645\u0644 \u0645\u0646 \u0625\u0646\u062a\u0627\u062c\u064a\u0629 \u0627\u0644\u0645\u0648\u0638\u0641\u064a\u0646. \u0645\u0646 \u062e\u0644\u0627\u0644 \u0627\u0644\u062a\u062e\u0637\u064a\u0637 \u0627\u0644\u0623\u0645\u062b\u0644 \u0644\u0639\u0648\u0627\u0645\u0644 \u0645\u062b\u0644 \u062a\u062e\u0637\u064a\u0637 \u0627\u0644\u0645\u0633\u0627\u062d\u0629 \u0648\u0627\u062e\u062a\u064a\u0627\u0631 \u0627\u0644\u0623\u062b\u0627\u062b \u0648\u0627\u0644\u0625\u0636\u0627\u0621\u0629 \u060c \u0646\u0642\u0648\u0645 \u0628\u062a\u062d\u0633\u064a\u0646 \u0633\u064a\u0631 \u0627\u0644\u0639\u0645\u0644 \u0641\u064a \u0645\u0643\u0627\u0646 \u0639\u0645\u0644\u0643.<\/p>\n<p><strong>\u0627\u0644\u062c\u0645\u0627\u0644\u064a\u0627\u062a \u0648\u0647\u0648\u064a\u0629 \u0627\u0644\u0639\u0644\u0627\u0645\u0629 \u0627\u0644\u062a\u062c\u0627\u0631\u064a\u0629:<\/strong> \u064a\u062c\u0628 \u0623\u0646 \u064a\u0639\u0643\u0633 \u062f\u064a\u0643\u0648\u0631 \u0645\u0643\u0627\u0646 \u0627\u0644\u0639\u0645\u0644 \u0647\u0648\u064a\u0629 \u0639\u0645\u0644\u0643. \u0646\u0624\u0643\u062f \u0639\u0644\u0649 \u0637\u0627\u0628\u0639 \u0645\u0643\u0627\u0646 \u0639\u0645\u0644\u0643 \u0628\u062a\u0635\u0645\u064a\u0645\u0627\u062a \u062c\u0630\u0627\u0628\u0629 \u0645\u0646 \u0627\u0644\u0646\u0627\u062d\u064a\u0629 \u0627\u0644\u062c\u0645\u0627\u0644\u064a\u0629 \u0648\u0645\u0646\u0627\u0633\u0628\u0629 \u0644\u0644\u0639\u0644\u0627\u0645\u0629 \u0627\u0644\u062a\u062c\u0627\u0631\u064a\u0629.<\/p>\n<p><strong>\u0631\u0627\u062d\u0629 \u0627\u0644\u0645\u0648\u0638\u0641:<\/strong> \u0631\u0627\u062d\u0629 \u0648\u0633\u0639\u0627\u062f\u0629 \u0645\u0648\u0638\u0641\u064a\u0643 \u0645\u0647\u0645\u0629 \u0644\u0646\u062c\u0627\u062d \u0645\u0643\u0627\u0646 \u0639\u0645\u0644\u0643. \u0646\u062d\u0646 \u0646\u0636\u0645\u0646 \u0631\u0627\u062d\u0629 \u0645\u0648\u0638\u0641\u064a\u0643 \u0645\u0646 \u062e\u0644\u0627\u0644 \u0627\u0644\u0623\u062b\u0627\u062b \u0627\u0644\u0645\u0631\u064a\u062d \u0648\u062a\u0631\u062a\u064a\u0628 \u0627\u0644\u0645\u0633\u0627\u062d\u0629 \u0627\u0644\u0648\u0638\u064a\u0641\u064a\u0629.<\/p>\n\t\t<\/div>\n\t\t\t\t\n<style>\n#col-2094520166 > .col-inner {\n  padding: 15px 15px 15px 15px;\n}\n<\/style>\n\t<\/div>\n\n\t\n\n\t<div id=\"col-773959750\" class=\"col medium-6 small-12 large-6 small-col-first\"  >\n\t\t\t\t<div class=\"col-inner\"  >\n\t\t\t\n\t\t\t\n\t<div class=\"img has-hover x md-x lg-x y md-y lg-y\" id=\"image_876136315\">\n\t\t\t\t\t\t\t\t<div class=\"img-inner image-cover dark\" style=\"padding-top:75%;\">\n\t\t\t<img loading=\"lazy\" decoding=\"async\" width=\"1920\" height=\"1080\" src=\"https:\/\/artpointmimarlik.com\/wp-content\/uploads\/2023\/08\/Ofis-ve-Is-Yeri-Dekorasyon-1.jpg\" class=\"attachment-original size-original\" alt=\"\" srcset=\"https:\/\/artpointmimarlik.com\/wp-content\/uploads\/2023\/08\/Ofis-ve-Is-Yeri-Dekorasyon-1.jpg 1920w, https:\/\/artpointmimarlik.com\/wp-content\/uploads\/2023\/08\/Ofis-ve-Is-Yeri-Dekorasyon-1-300x169.jpg 300w, https:\/\/artpointmimarlik.com\/wp-content\/uploads\/2023\/08\/Ofis-ve-Is-Yeri-Dekorasyon-1-1024x576.jpg 1024w, https:\/\/artpointmimarlik.com\/wp-content\/uploads\/2023\/08\/Ofis-ve-Is-Yeri-Dekorasyon-1-768x432.jpg 768w, https:\/\/artpointmimarlik.com\/wp-content\/uploads\/2023\/08\/Ofis-ve-Is-Yeri-Dekorasyon-1-1536x864.jpg 1536w\" sizes=\"auto, (max-width: 1920px) 100vw, 1920px\" \/>\t\t\t\t\t\t\n\t\t\t\t\t<\/div>\n\t\t\t\t\t\t\t\t\n<style>\n#image_876136315 {\n  width: 100%;\n}\n<\/style>\n\t<\/div>\n\t\n\t\t<\/div>\n\t\t\t\t\t<\/div>\n\n\t\n<\/div>\n\t\t<\/div>\n\n\t\t\n<style>\n#section_2085748935 {\n  padding-top: 0px;\n  padding-bottom: 0px;\n}\n@media (min-width:550px) {\n  #section_2085748935 {\n    padding-top: 30px;\n    padding-bottom: 30px;\n  }\n}\n<\/style>\n\t<\/section>\n\t\n\t<section class=\"section\" id=\"section_1367830496\">\n\t\t<div class=\"bg section-bg fill bg-fill bg-loaded \" >\n\n\t\t\t\n\t\t\t\n\t\t\t\n\n\t\t<\/div>\n\n\t\t\n\n\t\t<div class=\"section-content relative\">\n\t\t\t\n<div class=\"row row-collapse align-middle align-center\"  id=\"row-211414511\">\n\n\t<div id=\"col-1162300118\" class=\"col medium-6 small-12 large-6\"  >\n\t\t\t\t<div class=\"col-inner\"  >\n\t\t\t\n\t\t\t\n\t<div class=\"img has-hover x md-x lg-x y md-y lg-y\" id=\"image_1114621273\">\n\t\t\t\t\t\t\t\t<div class=\"img-inner image-cover dark\" style=\"padding-top:75%;\">\n\t\t\t<img loading=\"lazy\" decoding=\"async\" width=\"1920\" height=\"1080\" src=\"https:\/\/artpointmimarlik.com\/wp-content\/uploads\/2023\/08\/Ofis-ve-Is-Yeri-Dekorasyon-3.jpg\" class=\"attachment-original size-original\" alt=\"\" srcset=\"https:\/\/artpointmimarlik.com\/wp-content\/uploads\/2023\/08\/Ofis-ve-Is-Yeri-Dekorasyon-3.jpg 1920w, https:\/\/artpointmimarlik.com\/wp-content\/uploads\/2023\/08\/Ofis-ve-Is-Yeri-Dekorasyon-3-300x169.jpg 300w, https:\/\/artpointmimarlik.com\/wp-content\/uploads\/2023\/08\/Ofis-ve-Is-Yeri-Dekorasyon-3-1024x576.jpg 1024w, https:\/\/artpointmimarlik.com\/wp-content\/uploads\/2023\/08\/Ofis-ve-Is-Yeri-Dekorasyon-3-768x432.jpg 768w, https:\/\/artpointmimarlik.com\/wp-content\/uploads\/2023\/08\/Ofis-ve-Is-Yeri-Dekorasyon-3-1536x864.jpg 1536w\" sizes=\"auto, (max-width: 1920px) 100vw, 1920px\" \/>\t\t\t\t\t\t\n\t\t\t\t\t<\/div>\n\t\t\t\t\t\t\t\t\n<style>\n#image_1114621273 {\n  width: 100%;\n}\n<\/style>\n\t<\/div>\n\t\n\t\t<\/div>\n\t\t\t\t\t<\/div>\n\n\t\n\n\t<div id=\"col-646526217\" class=\"col medium-6 small-12 large-6\"  >\n\t\t\t\t<div class=\"col-inner\"  >\n\t\t\t\n\t\t\t\n<h3>\u062e\u062f\u0645\u0627\u062a<\/h3>\n<p><strong>\u062f\u064a\u0643\u0648\u0631 \u0627\u0644\u0645\u0643\u062a\u0628:<\/strong> \u0646\u0642\u0648\u0645 \u0628\u062a\u0635\u0645\u064a\u0645 \u0627\u0644\u0645\u0643\u0627\u062a\u0628 \u0645\u0646 \u062e\u0644\u0627\u0644 \u0645\u0631\u0627\u0639\u0627\u0629 \u062c\u0645\u064a\u0639 \u0627\u0644\u0645\u062a\u0637\u0644\u0628\u0627\u062a \u0627\u0644\u0648\u0638\u064a\u0641\u064a\u0629 \u0648\u0627\u0644\u062c\u0645\u0627\u0644\u064a\u0629 \u0644\u0645\u0643\u0627\u0646 \u0639\u0645\u0644\u0643. \u0646\u062d\u0646 \u0646\u062e\u0637\u0637 \u0628\u0639\u0646\u0627\u064a\u0629 \u0644\u0643\u0644 \u0627\u0644\u062a\u0641\u0627\u0635\u064a\u0644 \u0645\u0646 \u0645\u0646\u0627\u0637\u0642 \u0627\u0644\u0639\u0645\u0644 \u0625\u0644\u0649 \u063a\u0631\u0641 \u0627\u0644\u0627\u062c\u062a\u0645\u0627\u0639\u0627\u062a \u060c \u0648\u0645\u0646 \u0645\u0646\u0637\u0642\u0629 \u0627\u0644\u0627\u0633\u062a\u0642\u0628\u0627\u0644 \u0625\u0644\u0649 \u0645\u0646\u0627\u0637\u0642 \u0627\u0644\u0627\u0633\u062a\u0631\u062e\u0627\u0621.<\/p>\n<p><strong>\u062f\u064a\u0643\u0648\u0631 \u0627\u0644\u0645\u062a\u062c\u0631 \u0648\u0627\u0644\u0645\u0646\u0637\u0642\u0629 \u0627\u0644\u062a\u062c\u0627\u0631\u064a\u0629:<\/strong> \u0646\u062d\u0646 \u0646\u0642\u062f\u0645 \u062a\u0635\u0645\u064a\u0645\u0627\u062a \u0641\u0631\u064a\u062f\u0629 \u0644\u0639\u0631\u0636 \u0645\u062a\u062c\u0631\u0643 \u0648\u0645\u0646\u0627\u0637\u0642\u0643 \u0627\u0644\u062a\u062c\u0627\u0631\u064a\u0629 \u0628\u0634\u0643\u0644 \u0641\u0639\u0627\u0644 \u0648\u062c\u0630\u0628 \u0627\u0644\u0639\u0645\u0644\u0627\u0621. \u0646\u0642\u0648\u0645 \u0628\u0625\u0646\u0634\u0627\u0621 \u0645\u0633\u0627\u062d\u0627\u062a \u062a\u0639\u0643\u0633 \u0647\u0648\u064a\u0629 \u0639\u0644\u0627\u0645\u062a\u0643 \u0627\u0644\u062a\u062c\u0627\u0631\u064a\u0629.<\/p>\n<p><strong>\u062a\u062e\u0637\u064a\u0637 \u0627\u0644\u0623\u0644\u0648\u0627\u0646 \u0648\u0627\u0644\u0625\u0636\u0627\u0621\u0629:<\/strong> \u064a\u0624\u062b\u0631 \u0627\u062e\u062a\u064a\u0627\u0631 \u0627\u0644\u0644\u0648\u0646 \u0648\u0627\u0644\u0625\u0636\u0627\u0621\u0629 \u0628\u0634\u0643\u0644 \u0643\u0628\u064a\u0631 \u0639\u0644\u0649 \u062c\u0648 \u0645\u0643\u0627\u0646 \u0639\u0645\u0644\u0643. \u0646\u062d\u062f\u062f \u0637\u0627\u0642\u0629 \u0645\u0633\u0627\u062d\u062a\u0643 \u0645\u0646 \u062e\u0644\u0627\u0644 \u0644\u0648\u062d\u0629 \u0627\u0644\u0623\u0644\u0648\u0627\u0646 \u0627\u0644\u0645\u0646\u0627\u0633\u0628\u0629 \u0648\u062a\u062e\u0637\u064a\u0637 \u0627\u0644\u0625\u0636\u0627\u0621\u0629.<\/p>\n<p>\u0627\u062e\u062a\u064a\u0627\u0631 <strong>\u0627\u0644\u0623\u062b\u0627\u062b:<\/strong> \u0645\u0646 \u062e\u0644\u0627\u0644 \u0627\u062e\u062a\u064a\u0627\u0631 \u0627\u0644\u0623\u062b\u0627\u062b \u0627\u0644\u0623\u0646\u0633\u0628 \u0648\u0627\u0644\u0645\u0631\u064a\u062d \u0644\u0645\u0643\u0627\u0646 \u0639\u0645\u0644\u0643 \u060c \u0641\u0625\u0646\u0646\u0627 \u0646\u0636\u0645\u0646 \u0631\u0627\u062d\u0629 \u0627\u0644\u0645\u0648\u0638\u0641\u064a\u0646 \u0648\u0627\u0644\u0632\u0648\u0627\u0631.<\/p>\n\t\t<\/div>\n\t\t\t\t\n<style>\n#col-646526217 > .col-inner {\n  padding: 15px 15px 15px 15px;\n}\n<\/style>\n\t<\/div>\n\n\t\n<\/div>\n\t\t<\/div>\n\n\t\t\n<style>\n#section_1367830496 {\n  padding-top: 29px;\n  padding-bottom: 29px;\n}\n#section_1367830496 .section-bg.bg-loaded {\n  background-image: url(https:\/\/artpointmimarlik.com\/wp-content\/uploads\/2023\/08\/square-pattern.png);\n}\n@media (min-width:550px) {\n  #section_1367830496 {\n    padding-top: 30px;\n    padding-bottom: 30px;\n  }\n}\n<\/style>\n\t<\/section>\n\t\n\t<section class=\"section\" id=\"section_130171058\">\n\t\t<div class=\"bg section-bg fill bg-fill bg-loaded bg-loaded\" >\n\n\t\t\t\n\t\t\t\n\t\t\t\n\n\t\t<\/div>\n\n\t\t\n\n\t\t<div class=\"section-content relative\">\n\t\t\t\n<div class=\"row row-collapse align-middle align-center\"  id=\"row-725400569\">\n\n\t<div id=\"col-18451347\" class=\"col medium-6 small-12 large-6\"  >\n\t\t\t\t<div class=\"col-inner\"  >\n\t\t\t\n\t\t\t\n<h3>\u0644\u0645\u0627\u0630\u0627 \u0622\u0631\u062a \u0628\u0648\u064a\u0646\u062a \u0644\u0644\u0647\u0646\u062f\u0633\u0629 \u0627\u0644\u0645\u0639\u0645\u0627\u0631\u064a\u0629\u061f<\/h3>\n<ul>\n<li><strong>\u0627\u0644\u0646\u0647\u062c \u0627\u0644\u0645\u0647\u0646\u064a:<\/strong> \u064a\u0642\u062f\u0645 \u0641\u0631\u064a\u0642 \u0627\u0644\u062a\u0635\u0645\u064a\u0645 \u0630\u0648 \u0627\u0644\u062e\u0628\u0631\u0629 \u0644\u062f\u064a\u0646\u0627 \u0623\u0641\u0636\u0644 \u0627\u0644\u062d\u0644\u0648\u0644 \u0644\u062a\u0646\u0627\u0633\u0628 \u0627\u062d\u062a\u064a\u0627\u062c\u0627\u062a \u0645\u0643\u0627\u0646 \u0639\u0645\u0644\u0643.<\/li>\n<li>\u0647\u0648\u064a\u0629 \u0627\u0644\u0639\u0644\u0627\u0645\u0629 \u0627\u0644\u062a\u062c\u0627\u0631\u064a\u0629: \u0646\u062d\u0646 \u0646\u0642\u062f\u0645 \u0627\u0644\u0623\u0635\u0627\u0644\u0629 \u0645\u0646 \u062e\u0644\u0627\u0644 \u0645\u0637\u0627\u0628\u0642\u0629 \u062a\u0635\u0645\u064a\u0645 \u0645\u0643\u0627\u0646 \u0639\u0645\u0644\u0643 \u0645\u0639 <strong>\u0647\u0648\u064a\u0629 \u0639\u0644\u0627\u0645\u062a\u0643 \u0627\u0644\u062a\u062c\u0627\u0631\u064a\u0629<\/strong>.<\/li>\n<li><strong>\u0627\u0644\u0648\u0638\u0627\u0626\u0641 \u0648\u0627\u0644\u062c\u0645\u0627\u0644\u064a\u0627\u062a:<\/strong> \u0646\u062d\u0646 \u0646\u0635\u0645\u0645 \u0645\u0646 \u062e\u0644\u0627\u0644 \u0625\u0639\u0637\u0627\u0621 \u0627\u0644\u0623\u0648\u0644\u0648\u064a\u0629 \u0644\u0643\u0644 \u0645\u0646 \u0627\u0644\u0648\u0638\u0627\u0626\u0641 \u0648\u0627\u0644\u062c\u0645\u0627\u0644\u064a\u0627\u062a.<\/li>\n<li><strong>\u0627\u0644\u062a\u0631\u0643\u064a\u0632 \u0639\u0644\u0649 \u0627\u062d\u062a\u064a\u0627\u062c\u0627\u062a \u0627\u0644\u0639\u0645\u0644\u0627\u0621:<\/strong> \u0645\u0646 \u062e\u0644\u0627\u0644 \u0627\u0644\u0639\u0645\u0644 \u0639\u0646 \u0643\u062b\u0628 \u0645\u0639\u0643 \u060c \u0646\u0633\u0639\u0649 \u062c\u0627\u0647\u062f\u064a\u0646 \u0644\u0641\u0647\u0645 \u0645\u0634\u0631\u0648\u0639\u0643 \u0628\u0634\u0643\u0644 \u0623\u0641\u0636\u0644.<\/li>\n<\/ul>\n\t\t<\/div>\n\t\t\t\t\n<style>\n#col-18451347 > .col-inner {\n  padding: 15px 15px 15px 15px;\n}\n<\/style>\n\t<\/div>\n\n\t\n\n\t<div id=\"col-169174971\" class=\"col medium-6 small-12 large-6 small-col-first\"  >\n\t\t\t\t<div class=\"col-inner\"  >\n\t\t\t\n\t\t\t\n\t<div class=\"img has-hover x md-x lg-x y md-y lg-y\" id=\"image_60300993\">\n\t\t\t\t\t\t\t\t<div class=\"img-inner image-cover dark\" style=\"padding-top:75%;\">\n\t\t\t<img loading=\"lazy\" decoding=\"async\" width=\"1920\" height=\"1080\" src=\"https:\/\/artpointmimarlik.com\/wp-content\/uploads\/2023\/08\/Ofis-ve-Is-Yeri-Dekorasyon-2.jpg\" class=\"attachment-original size-original\" alt=\"\" srcset=\"https:\/\/artpointmimarlik.com\/wp-content\/uploads\/2023\/08\/Ofis-ve-Is-Yeri-Dekorasyon-2.jpg 1920w, https:\/\/artpointmimarlik.com\/wp-content\/uploads\/2023\/08\/Ofis-ve-Is-Yeri-Dekorasyon-2-300x169.jpg 300w, https:\/\/artpointmimarlik.com\/wp-content\/uploads\/2023\/08\/Ofis-ve-Is-Yeri-Dekorasyon-2-1024x576.jpg 1024w, https:\/\/artpointmimarlik.com\/wp-content\/uploads\/2023\/08\/Ofis-ve-Is-Yeri-Dekorasyon-2-768x432.jpg 768w, https:\/\/artpointmimarlik.com\/wp-content\/uploads\/2023\/08\/Ofis-ve-Is-Yeri-Dekorasyon-2-1536x864.jpg 1536w\" sizes=\"auto, (max-width: 1920px) 100vw, 1920px\" \/>\t\t\t\t\t\t\n\t\t\t\t\t<\/div>\n\t\t\t\t\t\t\t\t\n<style>\n#image_60300993 {\n  width: 100%;\n}\n<\/style>\n\t<\/div>\n\t\n\t\t<\/div>\n\t\t\t\t\t<\/div>\n\n\t\n<\/div>\n\t\t<\/div>\n\n\t\t\n<style>\n#section_130171058 {\n  padding-top: 30px;\n  padding-bottom: 30px;\n}\n<\/style>\n\t<\/section>\n\t\n\t<section class=\"section\" id=\"section_1594880105\">\n\t\t<div class=\"bg section-bg fill bg-fill bg-loaded \" >\n\n\t\t\t\n\t\t\t\n\t\t\t\n\n\t\t<\/div>\n\n\t\t\n\n\t\t<div class=\"section-content relative\">\n\t\t\t\n<div class=\"row row-collapse align-middle align-center\"  id=\"row-155310943\">\n\n\t<div id=\"col-1477328291\" class=\"col medium-6 small-12 large-6\"  >\n\t\t\t\t<div class=\"col-inner\"  >\n\t\t\t\n\t\t\t\n\n  <div class=\"banner has-hover\" id=\"banner-1532771624\">\n          <div class=\"banner-inner fill\">\n        <div class=\"banner-bg fill\" >\n            <div class=\"bg fill bg-fill bg-loaded\"><\/div>\n                        <div class=\"overlay\"><\/div>            \n                    <\/div>\n\t\t\n        <div class=\"banner-layers container\">\n            <div class=\"fill banner-link\"><\/div>            \n   <div id=\"text-box-543525944\" class=\"text-box banner-layer x50 md-x50 lg-x50 y50 md-y50 lg-y50 res-text\">\n                                <div class=\"text-box-content text dark\">\n              \n              <div class=\"text-inner text-center\">\n                  \n\t<div id=\"text-2397641101\" class=\"text\">\n\t\t\n<h5 style=\"text-align: center;\"><strong>\u0625\u0630\u0627 \u0643\u0646\u062a \u062a\u0631\u063a\u0628 \u0641\u064a \u062a\u062c\u062f\u064a\u062f \u062f\u064a\u0643\u0648\u0631 \u0645\u0643\u0627\u0646 \u0639\u0645\u0644\u0643 \u0623\u0648 \u062e\u0644\u0642 \u0628\u064a\u0626\u0629 \u0639\u0645\u0644 \u0623\u0643\u062b\u0631 \u0643\u0641\u0627\u0621\u0629 \u060c \u0641\u0644\u0627 \u062a\u062a\u0631\u062f\u062f \u0641\u064a \u0627\u0644\u0627\u062a\u0635\u0627\u0644 \u0628\u0646\u0627. \u0646\u062d\u0646 \u0647\u0646\u0627 \u0644\u0645\u0633\u0627\u0639\u062f\u062a\u0643 \u0639\u0644\u0649 \u062a\u062d\u0642\u064a\u0642 \u0623\u0642\u0635\u0649 \u0627\u0633\u062a\u0641\u0627\u062f\u0629 \u0645\u0646 \u0625\u0645\u0643\u0627\u0646\u0627\u062a \u0645\u0643\u0627\u0646 \u0639\u0645\u0644\u0643.<\/strong><\/h5>\n\t\t\n<style>\n#text-2397641101 {\n  font-size: 0.9rem;\n  color: rgb(255,255,255);\n}\n#text-2397641101 > * {\n  color: rgb(255,255,255);\n}\n@media (min-width:550px) {\n  #text-2397641101 {\n    font-size: 1.15rem;\n  }\n}\n<\/style>\n\t<\/div>\n\t\n              <\/div>\n           <\/div>\n                            \n<style>\n#text-box-543525944 {\n  width: 100%;\n}\n#text-box-543525944 .text-box-content {\n  font-size: 100%;\n}\n@media (min-width:550px) {\n  #text-box-543525944 {\n    width: 92%;\n  }\n}\n<\/style>\n    <\/div>\n \n        <\/div>\n      <\/div>\n\n            \n<style>\n#banner-1532771624 {\n  padding-top: 300px;\n}\n#banner-1532771624 .bg.bg-loaded {\n  background-image: url(https:\/\/artpointmimarlik.com\/wp-content\/uploads\/2023\/08\/ev-tadilat-ve-dekorsayon-hizmetleri.jpg);\n}\n#banner-1532771624 .overlay {\n  background-color: rgba(0,0,0,.5);\n}\n@media (min-width:550px) {\n  #banner-1532771624 {\n    padding-top: 500px;\n  }\n}\n<\/style>\n  <\/div>\n\n\n\t\t<\/div>\n\t\t\t\t\n<style>\n#col-1477328291 > .col-inner {\n  padding: 15px 15px 15px 15px;\n}\n<\/style>\n\t<\/div>\n\n\t\n\n\t<div id=\"col-1438699231\" class=\"col medium-6 small-12 large-6\"  >\n\t\t\t\t<div class=\"col-inner\"  >\n\t\t\t\n\t\t\t\n<div class=\"row row-collapse align-middle align-center\"  id=\"row-1864320604\">\n\n\t<div id=\"col-682660626\" class=\"col medium-6 small-12 large-6\"  >\n\t\t\t\t<div class=\"col-inner\"  >\n\t\t\t\n\t\t\t\n<a class=\"button success is-large lowercase expand\"  >\n  <i class=\"icon-whatsapp\" aria-hidden=\"true\" ><\/i>  <span>\u0648\u0627\u062a\u0633 \u0627\u0628<\/span>\n  <\/a>\n\n\t\t<\/div>\n\t\t\t\t\n<style>\n#col-682660626 > .col-inner {\n  padding: 0px 15px 0px 15px;\n}\n<\/style>\n\t<\/div>\n\n\t\n\n\t<div id=\"col-1017608910\" class=\"col medium-6 small-12 large-6\"  >\n\t\t\t\t<div class=\"col-inner\"  >\n\t\t\t\n\t\t\t\n<a class=\"button primary is-large lowercase expand\"  >\n  <i class=\"icon-phone\" aria-hidden=\"true\" ><\/i>  <span>\u0627\u062a\u0635\u0644 \u0628\u0646\u0627 \u0627\u0644\u0622\u0646<\/span>\n  <\/a>\n\n\t\t<\/div>\n\t\t\t\t\n<style>\n#col-1017608910 > .col-inner {\n  padding: 0px 15px 0px 15px;\n}\n<\/style>\n\t<\/div>\n\n\t\n<\/div>\n\t<div id=\"text-375746177\" class=\"text\">\n\t\t\n<h3>\u0623\u0648 \u0627\u0645\u0644\u0623 \u0627\u0644\u0646\u0645\u0648\u0630\u062c \u0648\u0633\u0646\u062a\u0635\u0644 \u0628\u0643.<\/h3>\n\t\t\n<style>\n#text-375746177 {\n  text-align: center;\n}\n<\/style>\n\t<\/div>\n\t\n\n<div class=\"wpcf7 no-js\" id=\"wpcf7-f182-o1\" lang=\"tr-TR\" dir=\"ltr\" data-wpcf7-id=\"182\">\n<div class=\"screen-reader-response\"><p role=\"status\" aria-live=\"polite\" aria-atomic=\"true\"><\/p> <ul><\/ul><\/div>\n<form action=\"\/ar\/wp-json\/wp\/v2\/pages\/1368#wpcf7-f182-o1\" method=\"post\" class=\"wpcf7-form init\" aria-label=\"\u0130leti\u015fim Formu\" novalidate=\"novalidate\" data-status=\"init\">\n<fieldset class=\"hidden-fields-container\"><input type=\"hidden\" name=\"_wpcf7\" value=\"182\" \/><input type=\"hidden\" name=\"_wpcf7_version\" value=\"6.1\" \/><input type=\"hidden\" name=\"_wpcf7_locale\" value=\"tr_TR\" \/><input type=\"hidden\" name=\"_wpcf7_unit_tag\" value=\"wpcf7-f182-o1\" \/><input type=\"hidden\" name=\"_wpcf7_container_post\" value=\"0\" \/><input type=\"hidden\" name=\"_wpcf7_posted_data_hash\" value=\"\" \/>\n<\/fieldset>\n<div class=\"cform-iletisim\">\n\t<div class=\"iletisim-col\">\n\t\t<p><span class=\"wpcf7-form-control-wrap\" data-name=\"ad-soyad\"><input size=\"40\" maxlength=\"400\" class=\"wpcf7-form-control wpcf7-text wpcf7-validates-as-required\" aria-required=\"true\" aria-invalid=\"false\" placeholder=\"\u0130sim &amp; Soyisim..\" value=\"\" type=\"text\" name=\"ad-soyad\" \/><\/span>\n\t\t<\/p>\n\t<\/div>\n\t<div class=\"iletisim-col\">\n\t\t<p><span class=\"wpcf7-form-control-wrap\" data-name=\"eposta\"><input size=\"40\" maxlength=\"400\" class=\"wpcf7-form-control wpcf7-email wpcf7-validates-as-required wpcf7-text wpcf7-validates-as-email\" aria-required=\"true\" aria-invalid=\"false\" placeholder=\"E-Posta Adresiniz..\" value=\"\" type=\"email\" name=\"eposta\" \/><\/span>\n\t\t<\/p>\n\t<\/div>\n\t<div class=\"iletisim-col\">\n\t\t<p><span class=\"wpcf7-form-control-wrap\" data-name=\"telefon\"><input size=\"40\" maxlength=\"400\" class=\"wpcf7-form-control wpcf7-tel wpcf7-validates-as-required wpcf7-text wpcf7-validates-as-tel\" aria-required=\"true\" aria-invalid=\"false\" placeholder=\"Telefon Numaran\u0131z..\" value=\"\" type=\"tel\" name=\"telefon\" \/><\/span>\n\t\t<\/p>\n\t<\/div>\n\t<div class=\"iletisim-col\">\n\t\t<p><span class=\"wpcf7-form-control-wrap\" data-name=\"servis\"><input size=\"40\" maxlength=\"400\" class=\"wpcf7-form-control wpcf7-text wpcf7-validates-as-required\" aria-required=\"true\" aria-invalid=\"false\" placeholder=\"Hangi Hizmetimiz \u0130le \u0130lgileniyorsunuz?\" value=\"\" type=\"text\" name=\"servis\" \/><\/span>\n\t\t<\/p>\n\t<\/div>\n\t<div class=\"iletisim-col-large\">\n\t\t<p><span class=\"wpcf7-form-control-wrap\" data-name=\"mesaj\"><textarea cols=\"40\" rows=\"10\" maxlength=\"2000\" class=\"wpcf7-form-control wpcf7-textarea wpcf7-validates-as-required\" aria-required=\"true\" aria-invalid=\"false\" placeholder=\"Mesaj\u0131n\u0131z..\" name=\"mesaj\"><\/textarea><\/span>\n\t\t<\/p>\n\t<\/div>\n\t<div class=\"accept-ilt\">\n\t\t<p><span class=\"wpcf7-form-control-wrap\" data-name=\"kabul\"><span class=\"wpcf7-form-control wpcf7-acceptance\"><span class=\"wpcf7-list-item\"><label><input type=\"checkbox\" name=\"kabul\" value=\"1\" aria-invalid=\"false\" \/><span class=\"wpcf7-list-item-label\">Hizmet \u015fartlar\u0131na ba\u011fl\u0131y\u0131m <a href=\"\/kvkk\"><b>KVKK Politikas\u0131<\/b><\/a> kabul ediyorum<\/span><\/label><\/span><\/span><\/span>\n\t\t<\/p>\n\t<\/div>\n<div class=\"wpcf7-turnstile cf-turnstile\" data-sitekey=\"0x4AAAAAABjaSOX3MWYn7bJf\" data-response-field-name=\"_wpcf7_turnstile_response\"><\/div>\n\t<div class=\"send-btn-ilt\">\n\t\t<p><input class=\"wpcf7-form-control wpcf7-submit has-spinner\" type=\"submit\" value=\"G\u00f6nder\" \/>\n\t\t<\/p>\n\t<\/div>\n<\/div><div class=\"wpcf7-response-output\" aria-hidden=\"true\"><\/div>\n<\/form>\n<\/div>\n\n\t\t<\/div>\n\t\t\t\t\n<style>\n#col-1438699231 > .col-inner {\n  padding: 15px 15px 15px 15px;\n}\n<\/style>\n\t<\/div>\n\n\t\n<\/div>\n\t\t<\/div>\n\n\t\t\n<style>\n#section_1594880105 {\n  padding-top: 30px;\n  padding-bottom: 30px;\n}\n#section_1594880105 .section-bg.bg-loaded {\n  background-image: url(https:\/\/artpointmimarlik.com\/wp-content\/uploads\/2023\/08\/ArchImage2.jpeg);\n}\n<\/style>\n\t<\/section>\n\t\n","protected":false},"excerpt":{"rendered":"","protected":false},"author":1,"featured_media":0,"parent":0,"menu_order":0,"comment_status":"closed","ping_status":"closed","template":"page-blank.php","meta":{"footnotes":""},"class_list":["post-1368","page","type-page","status-publish","hentry"],"aioseo_notices":[],"_links":{"self":[{"href":"https:\/\/artpointmimarlik.com\/ar\/wp-json\/wp\/v2\/pages\/1368","targetHints":{"allow":["GET"]}}],"collection":[{"href":"https:\/\/artpointmimarlik.com\/ar\/wp-json\/wp\/v2\/pages"}],"about":[{"href":"https:\/\/artpointmimarlik.com\/ar\/wp-json\/wp\/v2\/types\/page"}],"author":[{"embeddable":true,"href":"https:\/\/artpointmimarlik.com\/ar\/wp-json\/wp\/v2\/users\/1"}],"replies":[{"embeddable":true,"href":"https:\/\/artpointmimarlik.com\/ar\/wp-json\/wp\/v2\/comments?post=1368"}],"version-history":[{"count":5,"href":"https:\/\/artpointmimarlik.com\/ar\/wp-json\/wp\/v2\/pages\/1368\/revisions"}],"predecessor-version":[{"id":1373,"href":"https:\/\/artpointmimarlik.com\/ar\/wp-json\/wp\/v2\/pages\/1368\/revisions\/1373"}],"wp:attachment":[{"href":"https:\/\/artpointmimarlik.com\/ar\/wp-json\/wp\/v2\/media?parent=1368"}],"curies":[{"name":"wp","href":"https:\/\/api.w.org\/{rel}","templated":true}]}}