{"id":1338,"date":"2023-08-18T18:53:48","date_gmt":"2023-08-18T18:53:48","guid":{"rendered":"https:\/\/artpointmimarlik.com\/%d8%a7%d9%86%d8%aa%d9%82%d8%a7%d9%84\/"},"modified":"2023-09-12T11:08:53","modified_gmt":"2023-09-12T11:08:53","slug":"%d8%a7%d9%86%d8%aa%d9%82%d8%a7%d9%84","status":"publish","type":"page","link":"https:\/\/artpointmimarlik.com\/ar\/%d8%a7%d9%86%d8%aa%d9%82%d8%a7%d9%84\/","title":{"rendered":"\u0627\u0646\u062a\u0642\u0627\u0644"},"content":{"rendered":"\t<section class=\"section\" id=\"section_1600923325\">\n\t\t<div class=\"bg section-bg fill bg-fill bg-loaded bg-loaded\" >\n\n\t\t\t\n\t\t\t\n\t\t\t\n\n\t\t<\/div>\n\n\t\t\n\n\t\t<div class=\"section-content relative\">\n\t\t\t\n\n  <div class=\"banner has-hover\" id=\"banner-1764021990\">\n          <div class=\"banner-inner fill\">\n        <div class=\"banner-bg fill\" >\n            <div class=\"bg fill bg-fill bg-loaded\"><\/div>\n                        <div class=\"overlay\"><\/div>            \n                    <\/div>\n\t\t\n        <div class=\"banner-layers container\">\n            <div class=\"fill banner-link\"><\/div>            \n   <div id=\"text-box-995541129\" class=\"text-box banner-layer x50 md-x50 lg-x50 y75 md-y75 lg-y75 res-text\">\n                                <div class=\"text-box-content text dark\">\n              \n              <div class=\"text-inner text-center\">\n                  \n<h1>\u0647\u0644 \u0644\u062f\u064a\u0643 \u0645\u0634\u0631\u0648\u0639 \u0641\u064a \u0627\u0644\u0627\u0639\u062a\u0628\u0627\u0631\u061f \u0644\u0646\u062a\u062d\u062f\u062b.<\/h1>\n              <\/div>\n           <\/div>\n                            \n<style>\n#text-box-995541129 {\n  width: 60%;\n}\n#text-box-995541129 .text-box-content {\n  font-size: 100%;\n}\n<\/style>\n    <\/div>\n \n        <\/div>\n      <\/div>\n\n            \n<style>\n#banner-1764021990 {\n  padding-top: 400px;\n}\n#banner-1764021990 .bg.bg-loaded {\n  background-image: url(https:\/\/artpointmimarlik.com\/wp-content\/uploads\/2023\/08\/services-bg.jpeg);\n}\n#banner-1764021990 .overlay {\n  background-color: rgba(0,0,0,.5);\n}\n<\/style>\n  <\/div>\n\n\n\t\t<\/div>\n\n\t\t\n<style>\n#section_1600923325 {\n  padding-top: 0px;\n  padding-bottom: 0px;\n  margin-bottom: -90px;\n}\n<\/style>\n\t<\/section>\n\t\n\t<section class=\"section\" id=\"section_2028473787\">\n\t\t<div class=\"bg section-bg fill bg-fill bg-loaded bg-loaded\" >\n\n\t\t\t\n\t\t\t\n\t\t\t\n\n\t\t<\/div>\n\n\t\t\n\n\t\t<div class=\"section-content relative\">\n\t\t\t\n<div class=\"row align-equal\"  id=\"row-53493223\">\n\n\t<div id=\"col-927388182\" class=\"col medium-4 small-12 large-4\"  >\n\t\t\t\t<div class=\"col-inner box-shadow-3 box-shadow-5-hover\" style=\"background-color:rgb(255,255,255);\" >\n\t\t\t\n\t\t\t\n\n\t\t<div class=\"icon-box featured-box icon-box-center text-center\"  >\n\t\t\t\t<div class=\"icon-box-text last-reset\">\n\t\t\t\t\t\t\t\t\t\n<h3 style=\"margin: 0;\">\u0627\u0644\u0647\u0627\u062a\u0641<\/h3>\n<p style=\"margin: 0;\"><a href=\"tel:+905387294976\">+90 538 729 49 76<\/a><\/p>\n<p style=\"margin:0;\"><a href=\"https:\/\/api.whatsapp.com\/send?phone=905387294976&amp;text=Merhaba%2C%20www.artpointmimarlik.com%20web%20sitesi%20%C3%BCzerinden%20sizlerle%20ileti%C5%9Fime%20ge%C3%A7iyorum.\">\u0648\u0627\u062a\u0633 \u0627\u0628<\/a><\/p>\n<p><a href=\"tel:+905337131181\">+90 533 713 1181<\/a><\/p>\n\t\t<\/div>\n\t<\/div>\n\t\n\t\n\t\t<\/div>\n\t\t\t\t\n<style>\n#col-927388182 > .col-inner {\n  padding: 15px 15px 15px 15px;\n}\n<\/style>\n\t<\/div>\n\n\t\n\n\t<div id=\"col-715819239\" class=\"col medium-4 small-12 large-4\"  >\n\t\t\t\t<div class=\"col-inner box-shadow-3 box-shadow-5-hover\" style=\"background-color:rgb(255,255,255);\" >\n\t\t\t\n\t\t\t\n\n\t\t<div class=\"icon-box featured-box icon-box-center text-center\"  >\n\t\t\t\t<div class=\"icon-box-text last-reset\">\n\t\t\t\t\t\t\t\t\t\n<h3 style=\"margin: 0;\">\u0627\u0644\u0628\u0631\u064a\u062f \u0627\u0644\u0625\u0644\u0643\u062a\u0631\u0648\u0646\u064a<\/h3>\n<p><a href=\"mailto:info@artpointmimarlik.com\">info@artpointmimarlik.com<\/a><\/p>\n\t\t<\/div>\n\t<\/div>\n\t\n\t\n\t\t<\/div>\n\t\t\t\t\n<style>\n#col-715819239 > .col-inner {\n  padding: 15px 15px 15px 15px;\n}\n<\/style>\n\t<\/div>\n\n\t\n\n\t<div id=\"col-1451301540\" class=\"col medium-4 small-12 large-4\"  >\n\t\t\t\t<div class=\"col-inner box-shadow-3 box-shadow-5-hover\" style=\"background-color:rgb(255,255,255);\" >\n\t\t\t\n\t\t\t\n\n\t\t<div class=\"icon-box featured-box icon-box-center text-center\"  >\n\t\t\t\t<div class=\"icon-box-text last-reset\">\n\t\t\t\t\t\t\t\t\t\n<h3 style=\"margin: 0;\">\u0639\u0646\u0648\u0627\u0646<\/h3>\n<p>\u0645\u0631\u0643\u0632 \u0635\u0631\u0641\u0627\u0646 \u0627\u0644\u0645\u0627\u0644\u064a C \u0628\u0644\u0648\u0643 \u0631\u0642\u0645:37<br \/>\n\u0639\u0645\u0631\u0627\u0646\u064a\u0629\/\u0627\u0633\u0637\u0646\u0628\u0648\u0644<\/p>\n\t\t<\/div>\n\t<\/div>\n\t\n\t\n\t\t<\/div>\n\t\t\t\t\n<style>\n#col-1451301540 > .col-inner {\n  padding: 15px 15px 15px 15px;\n}\n<\/style>\n\t<\/div>\n\n\t\n\n\t<div id=\"col-354720183\" class=\"col small-12 large-12\"  >\n\t\t\t\t<div class=\"col-inner\" style=\"background-color:rgb(255,255,255);\" >\n\t\t\t\n\t\t\t\n\n\t\t<div class=\"icon-box featured-box icon-box-center text-center\"  >\n\t\t\t\t<div class=\"icon-box-text last-reset\">\n\t\t\t\t\t\t\t\t\t\n\n<div class=\"wpcf7 no-js\" id=\"wpcf7-f182-o1\" lang=\"tr-TR\" dir=\"ltr\" data-wpcf7-id=\"182\">\n<div class=\"screen-reader-response\"><p role=\"status\" aria-live=\"polite\" aria-atomic=\"true\"><\/p> <ul><\/ul><\/div>\n<form action=\"\/ar\/wp-json\/wp\/v2\/pages\/1338#wpcf7-f182-o1\" method=\"post\" class=\"wpcf7-form init\" aria-label=\"\u0130leti\u015fim Formu\" novalidate=\"novalidate\" data-status=\"init\">\n<fieldset class=\"hidden-fields-container\"><input type=\"hidden\" name=\"_wpcf7\" value=\"182\" \/><input type=\"hidden\" name=\"_wpcf7_version\" value=\"6.1\" \/><input type=\"hidden\" name=\"_wpcf7_locale\" value=\"tr_TR\" \/><input type=\"hidden\" name=\"_wpcf7_unit_tag\" value=\"wpcf7-f182-o1\" \/><input type=\"hidden\" name=\"_wpcf7_container_post\" value=\"0\" \/><input type=\"hidden\" name=\"_wpcf7_posted_data_hash\" value=\"\" \/>\n<\/fieldset>\n<div class=\"cform-iletisim\">\n\t<div class=\"iletisim-col\">\n\t\t<p><span class=\"wpcf7-form-control-wrap\" data-name=\"ad-soyad\"><input size=\"40\" maxlength=\"400\" class=\"wpcf7-form-control wpcf7-text wpcf7-validates-as-required\" aria-required=\"true\" aria-invalid=\"false\" placeholder=\"\u0130sim &amp; Soyisim..\" value=\"\" type=\"text\" name=\"ad-soyad\" \/><\/span>\n\t\t<\/p>\n\t<\/div>\n\t<div class=\"iletisim-col\">\n\t\t<p><span class=\"wpcf7-form-control-wrap\" data-name=\"eposta\"><input size=\"40\" maxlength=\"400\" class=\"wpcf7-form-control wpcf7-email wpcf7-validates-as-required wpcf7-text wpcf7-validates-as-email\" aria-required=\"true\" aria-invalid=\"false\" placeholder=\"E-Posta Adresiniz..\" value=\"\" type=\"email\" name=\"eposta\" \/><\/span>\n\t\t<\/p>\n\t<\/div>\n\t<div class=\"iletisim-col\">\n\t\t<p><span class=\"wpcf7-form-control-wrap\" data-name=\"telefon\"><input size=\"40\" maxlength=\"400\" class=\"wpcf7-form-control wpcf7-tel wpcf7-validates-as-required wpcf7-text wpcf7-validates-as-tel\" aria-required=\"true\" aria-invalid=\"false\" placeholder=\"Telefon Numaran\u0131z..\" value=\"\" type=\"tel\" name=\"telefon\" \/><\/span>\n\t\t<\/p>\n\t<\/div>\n\t<div class=\"iletisim-col\">\n\t\t<p><span class=\"wpcf7-form-control-wrap\" data-name=\"servis\"><input size=\"40\" maxlength=\"400\" class=\"wpcf7-form-control wpcf7-text wpcf7-validates-as-required\" aria-required=\"true\" aria-invalid=\"false\" placeholder=\"Hangi Hizmetimiz \u0130le \u0130lgileniyorsunuz?\" value=\"\" type=\"text\" name=\"servis\" \/><\/span>\n\t\t<\/p>\n\t<\/div>\n\t<div class=\"iletisim-col-large\">\n\t\t<p><span class=\"wpcf7-form-control-wrap\" data-name=\"mesaj\"><textarea cols=\"40\" rows=\"10\" maxlength=\"2000\" class=\"wpcf7-form-control wpcf7-textarea wpcf7-validates-as-required\" aria-required=\"true\" aria-invalid=\"false\" placeholder=\"Mesaj\u0131n\u0131z..\" name=\"mesaj\"><\/textarea><\/span>\n\t\t<\/p>\n\t<\/div>\n\t<div class=\"accept-ilt\">\n\t\t<p><span class=\"wpcf7-form-control-wrap\" data-name=\"kabul\"><span class=\"wpcf7-form-control wpcf7-acceptance\"><span class=\"wpcf7-list-item\"><label><input type=\"checkbox\" name=\"kabul\" value=\"1\" aria-invalid=\"false\" \/><span class=\"wpcf7-list-item-label\">Hizmet \u015fartlar\u0131na ba\u011fl\u0131y\u0131m <a href=\"\/kvkk\"><b>KVKK Politikas\u0131<\/b><\/a> kabul ediyorum<\/span><\/label><\/span><\/span><\/span>\n\t\t<\/p>\n\t<\/div>\n<div class=\"wpcf7-turnstile cf-turnstile\" data-sitekey=\"0x4AAAAAABjaSOX3MWYn7bJf\" data-response-field-name=\"_wpcf7_turnstile_response\"><\/div>\n\t<div class=\"send-btn-ilt\">\n\t\t<p><input class=\"wpcf7-form-control wpcf7-submit has-spinner\" type=\"submit\" value=\"G\u00f6nder\" \/>\n\t\t<\/p>\n\t<\/div>\n<\/div><div class=\"wpcf7-response-output\" aria-hidden=\"true\"><\/div>\n<\/form>\n<\/div>\n\n\t\t<\/div>\n\t<\/div>\n\t\n\t\n\t\t<\/div>\n\t\t\t\t\n<style>\n#col-354720183 > .col-inner {\n  padding: 15px 15px 15px 15px;\n}\n<\/style>\n\t<\/div>\n\n\t\n<\/div>\n\t\t<\/div>\n\n\t\t\n<style>\n#section_2028473787 {\n  padding-top: 30px;\n  padding-bottom: 30px;\n}\n<\/style>\n\t<\/section>\n\t\n\t<section class=\"section\" id=\"section_2080718727\">\n\t\t<div class=\"bg section-bg fill bg-fill bg-loaded bg-loaded\" >\n\n\t\t\t\n\t\t\t\n\t\t\t\n\n\t\t<\/div>\n\n\t\t\n\n\t\t<div class=\"section-content relative\">\n\t\t\t\n\n<p><iframe src=\"https:\/\/www.google.com\/maps\/embed?pb=!1m18!1m12!1m3!1d3010.928923198653!2d29.103896176623742!3d41.00492887135101!2m3!1f0!2f0!3f0!3m2!1i1024!2i768!4f13.1!3m3!1m2!1s0x14cac89078137489%3A0x4c3dc10e47e92814!2sSarphan%20Finanspark!5e0!3m2!1str!2str!4v1693225823311!5m2!1str!2str\" width=\"100%\" height=\"300\" style=\"border:0;\" allowfullscreen=\"\" loading=\"lazy\" referrerpolicy=\"no-referrer-when-downgrade\"><\/iframe><br \/>\n\n\t\t<\/div>\n\n\t\t\n<style>\n#section_2080718727 {\n  padding-top: 30px;\n  padding-bottom: 30px;\n}\n<\/style>\n\t<\/section>\n\t\n","protected":false},"excerpt":{"rendered":"","protected":false},"author":1,"featured_media":0,"parent":0,"menu_order":0,"comment_status":"closed","ping_status":"closed","template":"page-transparent-header-light.php","meta":{"footnotes":""},"class_list":["post-1338","page","type-page","status-publish","hentry"],"aioseo_notices":[],"_links":{"self":[{"href":"https:\/\/artpointmimarlik.com\/ar\/wp-json\/wp\/v2\/pages\/1338","targetHints":{"allow":["GET"]}}],"collection":[{"href":"https:\/\/artpointmimarlik.com\/ar\/wp-json\/wp\/v2\/pages"}],"about":[{"href":"https:\/\/artpointmimarlik.com\/ar\/wp-json\/wp\/v2\/types\/page"}],"author":[{"embeddable":true,"href":"https:\/\/artpointmimarlik.com\/ar\/wp-json\/wp\/v2\/users\/1"}],"replies":[{"embeddable":true,"href":"https:\/\/artpointmimarlik.com\/ar\/wp-json\/wp\/v2\/comments?post=1338"}],"version-history":[{"count":5,"href":"https:\/\/artpointmimarlik.com\/ar\/wp-json\/wp\/v2\/pages\/1338\/revisions"}],"predecessor-version":[{"id":1343,"href":"https:\/\/artpointmimarlik.com\/ar\/wp-json\/wp\/v2\/pages\/1338\/revisions\/1343"}],"wp:attachment":[{"href":"https:\/\/artpointmimarlik.com\/ar\/wp-json\/wp\/v2\/media?parent=1338"}],"curies":[{"name":"wp","href":"https:\/\/api.w.org\/{rel}","templated":true}]}}